{"id":251,"date":"2023-06-08T05:49:32","date_gmt":"2023-06-08T05:49:32","guid":{"rendered":"https:\/\/konyveloiroda.kimo-soft.hu\/?page_id=251"},"modified":"2023-06-08T05:52:13","modified_gmt":"2023-06-08T05:52:13","slug":"konyveles","status":"publish","type":"page","link":"https:\/\/konyveloiroda.kimo-soft.hu\/index.php\/konyveles\/","title":{"rendered":"K\u00f6nyvel\u00e9s"},"content":{"rendered":"\t\t<div data-elementor-type=\"wp-page\" data-elementor-id=\"251\" class=\"elementor elementor-251\">\n\t\t\t\t\t\t<section class=\"elementor-section elementor-top-section elementor-element elementor-element-f7e7983 elementor-section-boxed elementor-section-height-default elementor-section-height-default\" data-id=\"f7e7983\" data-element_type=\"section\" data-e-type=\"section\">\n\t\t\t\t\t\t<div class=\"elementor-container elementor-column-gap-default\">\n\t\t\t\t\t<div class=\"elementor-column elementor-col-100 elementor-top-column elementor-element elementor-element-708d55c\" data-id=\"708d55c\" data-element_type=\"column\" data-e-type=\"column\">\n\t\t\t<div class=\"elementor-widget-wrap elementor-element-populated\">\n\t\t\t\t\t\t<div class=\"elementor-element elementor-element-f01133e elementor-widget elementor-widget-heading\" data-id=\"f01133e\" data-element_type=\"widget\" data-e-type=\"widget\" data-widget_type=\"heading.default\">\n\t\t\t\t<div class=\"elementor-widget-container\">\n\t\t\t\t\t<h2 class=\"elementor-heading-title elementor-size-default\">K\u00f6nyvel\u00e9s<\/h2>\t\t\t\t<\/div>\n\t\t\t\t<\/div>\n\t\t\t\t<section class=\"elementor-section elementor-inner-section elementor-element elementor-element-d9143cb elementor-section-full_width elementor-section-height-default elementor-section-height-default\" data-id=\"d9143cb\" data-element_type=\"section\" data-e-type=\"section\">\n\t\t\t\t\t\t<div class=\"elementor-container elementor-column-gap-default\">\n\t\t\t\t\t<div class=\"elementor-column elementor-col-100 elementor-inner-column elementor-element elementor-element-7d5de2e\" data-id=\"7d5de2e\" data-element_type=\"column\" data-e-type=\"column\">\n\t\t\t<div class=\"elementor-widget-wrap elementor-element-populated\">\n\t\t\t\t\t\t<div class=\"elementor-element elementor-element-66b6209 elementor-widget elementor-widget-text-editor\" data-id=\"66b6209\" data-element_type=\"widget\" data-e-type=\"widget\" data-widget_type=\"text-editor.default\">\n\t\t\t\t<div class=\"elementor-widget-container\">\n\t\t\t\t\t\t\t\t\t<p>Minden v\u00e1llalkoz\u00e1s sz\u00e1m\u00e1ra nagyon fontos a megb\u00edzhat\u00f3, prec\u00edz \u00e9s informat\u00edv k\u00f6nyvel\u00e9s valamint a hat\u00e9kony adminisztr\u00e1ci\u00f3 kialak\u00edt\u00e1sa. Egy t\u00e1rsas\u00e1g k\u00f6nyvel\u00e9se rendk\u00edv\u00fcli bizalmat felt\u00e9telez \u00e9s ez\u00e1ltal a legszigor\u00fabb titoktart\u00e1st k\u00f6veteli meg. K\u00f6nyvel\u00e9ssel foglalkoz\u00f3 koll\u00e9g\u00e1ink tud\u00e1suk legjav\u00e1t k\u00edn\u00e1lj\u00e1k ahhoz, hogy megb\u00edz\u00f3ink m\u0171k\u00f6d\u00e9s\u00fck sor\u00e1n v\u00e9grehajtott \u00fcgyleteik pontosan, megb\u00edzhat\u00f3an \u00e9s a hat\u00e1lyos t\u00f6rv\u00e9nyeknek mindenben megfelel\u0151en legyen adminisztr\u00e1lva.<\/p><p>T\u00f6reksz\u00fcnk arra, hogy az \u00e1ltalunk k\u00f6nyvelt v\u00e1llalkoz\u00e1sok k\u00e9pvisel\u0151i kiz\u00e1r\u00f3lag a saj\u00e1t feladataik teljes\u00edt\u00e9s\u00e9re \u00f6sszpontos\u00edthassanak. Megb\u00edz\u00f3inknak teljes k\u00f6r\u0171 k\u00e9pviseletet ny\u00fajtunk a hat\u00f3s\u00e1gok el\u0151tt, illetve partnerek vagyunk b\u00e1rmilyen ad\u00f3hat\u00f3s\u00e1gi vagy egy\u00e9b \u00e1llami szervek fel\u00e9 t\u00f6rt\u00e9n\u0151 \u00e1ll\u00e1sfoglal\u00e1sok, rev\u00edzi\u00f3k, \u00f6nrev\u00edzi\u00f3k elk\u00e9sz\u00edt\u00e9s\u00e9ben. K\u00f6nyvel\u00e9si feladatainkat mindig naprak\u00e9szen l\u00e1tjuk el, amely sor\u00e1n megb\u00edz\u00f3ink mindig pontos \u00e1llapotot kapnak v\u00e1llalkoz\u00e1suk p\u00e9nz\u00fcgyi helyzet\u00e9r\u0151l. K\u00f6nyvel\u00e9si szolg\u00e1ltat\u00e1sunk keret\u00e9ben seg\u00edts\u00e9get ny\u00fajtunk megb\u00edz\u00f3inknak a helyi adminisztr\u00e1ci\u00f3s munka kialak\u00edt\u00e1s\u00e1ban valamint megszervez\u00e9s\u00e9ben. Elk\u00e9sz\u00edtj\u00fck a sz\u00fcks\u00e9ges dokument\u00e1ci\u00f3kat \u00e9s ig\u00e9ny eset\u00e9n a t\u00f6rv\u00e9ny \u00e1ltal el\u0151\u00edrt szab\u00e1lyzatokat. Megb\u00edz\u00f3inkkal \u00e1lland\u00f3 kapcsolatot tartunk fenn, melynek sor\u00e1n b\u00e1rmilyen k\u00e9rd\u00e9s\u00fck mer\u00fcl fel azonnal rendelkez\u00e9sre \u00e1llunk.<\/p><p>M\u0171k\u00f6d\u00e9s\u00fcnk sor\u00e1n a legk\u00fcl\u00f6nb\u00f6z\u0151bb ter\u00fcleteken felhalmozott tud\u00e1sunkat valamint tapasztalatainkat megb\u00edz\u00f3ink saj\u00e1t \u00fczleti tev\u00e9kenys\u00e9g\u00fck sor\u00e1n hat\u00e9konyan tudj\u00e1k hasznos\u00edtani, legyen ez k\u00f6nyvel\u00e9ssel, ad\u00f3val, adminisztr\u00e1ci\u00f3val kapcsolatos probl\u00e9ma.<\/p><p>Koll\u00e9g\u00e1ink a k\u00f6nyvel\u00e9s sor\u00e1n tudom\u00e1sukra jutott inform\u00e1ci\u00f3kkal, adatokkal a legszigor\u00fabb k\u00f6vetelm\u00e9nyeknek megfelel\u0151 kiemelt titoktart\u00e1ssal b\u00e1nnak. A titoktart\u00e1st term\u00e9szetesen nyilatkozatban er\u0151s\u00edtj\u00fck meg.<\/p><p>K\u00f6nyvvezet\u00e9s feladatai<br \/>\u00b7 Eszk\u00f6z\u00f6k, beruh\u00e1z\u00e1sok mennyis\u00e9gi \u00e9s \u00e9rt\u00e9kbeli nyilv\u00e1ntart\u00e1sa.<br \/>\u00b7 Kimen\u0151 \u00e9s be\u00e9rkez\u0151 sz\u00e1ml\u00e1k \u00e9rt\u00e9kbeli nyilv\u00e1ntart\u00e1sa.<br \/>\u00b7 P\u00e9nzforgalmi nyilv\u00e1ntart\u00e1sok vezet\u00e9se.<br \/>\u00b7 Analitikus nyilv\u00e1ntart\u00e1sok vezet\u00e9se.<br \/>\u00b7 Ig\u00e9ny szerint havi, negyed\u00e9ves z\u00e1rlatok k\u00e9sz\u00edt\u00e9se.<br \/>\u00b7 \u00c9v v\u00e9gi z\u00e1rlat, m\u00e9rleg eredm\u00e9ny-kimutat\u00e1s, kieg\u00e9sz\u00edt\u0151 mell\u00e9klet, cash-flow.<\/p><p>Adatszolg\u00e1ltat\u00e1si k\u00f6telezetts\u00e9gek teljes\u00edt\u00e9se<br \/>\u00b7 \u00c1FA bevall\u00e1sok.<br \/>\u00b7 EU-s ad\u00f3sz\u00e1m eset\u00e9n \u00f6sszes\u00edt\u0151 nyilatkozatok elk\u00e9sz\u00edt\u00e9se<br \/>\u00b7 Egy\u00e9b, ad\u00f3hat\u00f3s\u00e1ghoz beny\u00fajtand\u00f3 bevall\u00e1sok<br \/>\u00b7 \u00d6nkorm\u00e1nyzati ad\u00f3k bevall\u00e1sa<br \/>\u00b7 Statisztikai jelent\u00e9sek elk\u00e9sz\u00edt\u00e9se<\/p><p>Szab\u00e1lyzatok elk\u00e9sz\u00edt\u00e9se<br \/>\u00b7 Sz\u00e1mvitel politika<br \/>\u00b7 Sz\u00e1mlarend<br \/>\u00b7 Lelt\u00e1roz\u00e1si szab\u00e1lyzat<br \/>\u00b7 P\u00e9nzkezel\u00e9si szab\u00e1lyzat<br \/>\u00b7 \u00c9rt\u00e9kel\u00e9si szab\u00e1lyzat<\/p><p>Ellen\u0151rz\u00e9sek, \u00fcgyint\u00e9z\u00e9s<br \/>\u00b7 Minden ad\u00f3hat\u00f3s\u00e1gi, \u00f6nkorm\u00e1nyzati ellen\u0151rz\u00e9s sor\u00e1n szem\u00e9lyes r\u00e9szv\u00e9tel.<br \/>\u00b7 K\u00f6nyvviteli szolg\u00e1ltat\u00e1ssal \u00f6sszef\u00fcgg\u0151 hivatalos \u00fcgyint\u00e9z\u00e9s biztos\u00edt\u00e1sa.<\/p>\t\t\t\t\t\t\t\t<\/div>\n\t\t\t\t<\/div>\n\t\t\t\t\t<\/div>\n\t\t<\/div>\n\t\t\t\t\t<\/div>\n\t\t<\/section>\n\t\t\t\t\t<\/div>\n\t\t<\/div>\n\t\t\t\t\t<\/div>\n\t\t<\/section>\n\t\t\t\t<\/div>\n\t\t","protected":false},"excerpt":{"rendered":"<p>K\u00f6nyvel\u00e9s Minden v\u00e1llalkoz\u00e1s sz\u00e1m\u00e1ra nagyon fontos a megb\u00edzhat\u00f3, prec\u00edz \u00e9s informat\u00edv k\u00f6nyvel\u00e9s valamint a hat\u00e9kony adminisztr\u00e1ci\u00f3 kialak\u00edt\u00e1sa. Egy t\u00e1rsas\u00e1g k\u00f6nyvel\u00e9se rendk\u00edv\u00fcli bizalmat felt\u00e9telez \u00e9s ez\u00e1ltal a legszigor\u00fabb titoktart\u00e1st k\u00f6veteli meg. K\u00f6nyvel\u00e9ssel foglalkoz\u00f3 koll\u00e9g\u00e1ink tud\u00e1suk legjav\u00e1t k\u00edn\u00e1lj\u00e1k ahhoz, hogy megb\u00edz\u00f3ink m\u0171k\u00f6d\u00e9s\u00fck sor\u00e1n v\u00e9grehajtott \u00fcgyleteik pontosan, megb\u00edzhat\u00f3an \u00e9s a hat\u00e1lyos t\u00f6rv\u00e9nyeknek mindenben megfelel\u0151en legyen adminisztr\u00e1lva. T\u00f6reksz\u00fcnk arra, [&hellip;]<\/p>\n","protected":false},"author":1,"featured_media":0,"parent":0,"menu_order":0,"comment_status":"closed","ping_status":"closed","template":"elementor_header_footer","meta":{"footnotes":""},"class_list":["post-251","page","type-page","status-publish","hentry"],"yoast_head":"<!-- This site is optimized with the Yoast SEO plugin v27.5 - https:\/\/yoast.com\/product\/yoast-seo-wordpress\/ -->\n<title>K\u00f6nyvel\u00e9s - K\u00f6nyvel\u0151iroda<\/title>\n<meta name=\"robots\" content=\"index, follow, max-snippet:-1, max-image-preview:large, max-video-preview:-1\" \/>\n<link rel=\"canonical\" href=\"https:\/\/konyveloiroda.kimo-soft.hu\/index.php\/konyveles\/\" \/>\n<meta property=\"og:locale\" content=\"en_US\" \/>\n<meta property=\"og:type\" content=\"article\" \/>\n<meta property=\"og:title\" content=\"K\u00f6nyvel\u00e9s - K\u00f6nyvel\u0151iroda\" \/>\n<meta property=\"og:description\" content=\"K\u00f6nyvel\u00e9s Minden v\u00e1llalkoz\u00e1s sz\u00e1m\u00e1ra nagyon fontos a megb\u00edzhat\u00f3, prec\u00edz \u00e9s informat\u00edv k\u00f6nyvel\u00e9s valamint a hat\u00e9kony adminisztr\u00e1ci\u00f3 kialak\u00edt\u00e1sa. Egy t\u00e1rsas\u00e1g k\u00f6nyvel\u00e9se rendk\u00edv\u00fcli bizalmat felt\u00e9telez \u00e9s ez\u00e1ltal a legszigor\u00fabb titoktart\u00e1st k\u00f6veteli meg. K\u00f6nyvel\u00e9ssel foglalkoz\u00f3 koll\u00e9g\u00e1ink tud\u00e1suk legjav\u00e1t k\u00edn\u00e1lj\u00e1k ahhoz, hogy megb\u00edz\u00f3ink m\u0171k\u00f6d\u00e9s\u00fck sor\u00e1n v\u00e9grehajtott \u00fcgyleteik pontosan, megb\u00edzhat\u00f3an \u00e9s a hat\u00e1lyos t\u00f6rv\u00e9nyeknek mindenben megfelel\u0151en legyen adminisztr\u00e1lva. T\u00f6reksz\u00fcnk arra, [&hellip;]\" \/>\n<meta property=\"og:url\" content=\"https:\/\/konyveloiroda.kimo-soft.hu\/index.php\/konyveles\/\" \/>\n<meta property=\"og:site_name\" content=\"K\u00f6nyvel\u0151iroda\" \/>\n<meta property=\"article:modified_time\" content=\"2023-06-08T05:52:13+00:00\" \/>\n<meta name=\"twitter:card\" content=\"summary_large_image\" \/>\n<meta name=\"twitter:label1\" content=\"Est. reading time\" \/>\n\t<meta name=\"twitter:data1\" content=\"2 minutes\" \/>\n<script type=\"application\/ld+json\" class=\"yoast-schema-graph\">{\"@context\":\"https:\\\/\\\/schema.org\",\"@graph\":[{\"@type\":\"WebPage\",\"@id\":\"https:\\\/\\\/konyveloiroda.kimo-soft.hu\\\/index.php\\\/konyveles\\\/\",\"url\":\"https:\\\/\\\/konyveloiroda.kimo-soft.hu\\\/index.php\\\/konyveles\\\/\",\"name\":\"K\u00f6nyvel\u00e9s - K\u00f6nyvel\u0151iroda\",\"isPartOf\":{\"@id\":\"https:\\\/\\\/konyveloiroda.kimo-soft.hu\\\/#website\"},\"datePublished\":\"2023-06-08T05:49:32+00:00\",\"dateModified\":\"2023-06-08T05:52:13+00:00\",\"breadcrumb\":{\"@id\":\"https:\\\/\\\/konyveloiroda.kimo-soft.hu\\\/index.php\\\/konyveles\\\/#breadcrumb\"},\"inLanguage\":\"en-US\",\"potentialAction\":[{\"@type\":\"ReadAction\",\"target\":[\"https:\\\/\\\/konyveloiroda.kimo-soft.hu\\\/index.php\\\/konyveles\\\/\"]}]},{\"@type\":\"BreadcrumbList\",\"@id\":\"https:\\\/\\\/konyveloiroda.kimo-soft.hu\\\/index.php\\\/konyveles\\\/#breadcrumb\",\"itemListElement\":[{\"@type\":\"ListItem\",\"position\":1,\"name\":\"Home\",\"item\":\"https:\\\/\\\/konyveloiroda.kimo-soft.hu\\\/\"},{\"@type\":\"ListItem\",\"position\":2,\"name\":\"K\u00f6nyvel\u00e9s\"}]},{\"@type\":\"WebSite\",\"@id\":\"https:\\\/\\\/konyveloiroda.kimo-soft.hu\\\/#website\",\"url\":\"https:\\\/\\\/konyveloiroda.kimo-soft.hu\\\/\",\"name\":\"KiMo-Soft K\u00f6nyvel\u0151iroda\",\"description\":\"\",\"publisher\":{\"@id\":\"https:\\\/\\\/konyveloiroda.kimo-soft.hu\\\/#organization\"},\"potentialAction\":[{\"@type\":\"SearchAction\",\"target\":{\"@type\":\"EntryPoint\",\"urlTemplate\":\"https:\\\/\\\/konyveloiroda.kimo-soft.hu\\\/?s={search_term_string}\"},\"query-input\":{\"@type\":\"PropertyValueSpecification\",\"valueRequired\":true,\"valueName\":\"search_term_string\"}}],\"inLanguage\":\"en-US\"},{\"@type\":\"Organization\",\"@id\":\"https:\\\/\\\/konyveloiroda.kimo-soft.hu\\\/#organization\",\"name\":\"KiMo-Soft Kft\",\"url\":\"https:\\\/\\\/konyveloiroda.kimo-soft.hu\\\/\",\"logo\":{\"@type\":\"ImageObject\",\"inLanguage\":\"en-US\",\"@id\":\"https:\\\/\\\/konyveloiroda.kimo-soft.hu\\\/#\\\/schema\\\/logo\\\/image\\\/\",\"url\":\"https:\\\/\\\/konyveloiroda.kimo-soft.hu\\\/wp-content\\\/uploads\\\/2023\\\/05\\\/kimo_konyveloiroda.png\",\"contentUrl\":\"https:\\\/\\\/konyveloiroda.kimo-soft.hu\\\/wp-content\\\/uploads\\\/2023\\\/05\\\/kimo_konyveloiroda.png\",\"width\":990,\"height\":256,\"caption\":\"KiMo-Soft Kft\"},\"image\":{\"@id\":\"https:\\\/\\\/konyveloiroda.kimo-soft.hu\\\/#\\\/schema\\\/logo\\\/image\\\/\"}}]}<\/script>\n<!-- \/ Yoast SEO plugin. -->","yoast_head_json":{"title":"K\u00f6nyvel\u00e9s - K\u00f6nyvel\u0151iroda","robots":{"index":"index","follow":"follow","max-snippet":"max-snippet:-1","max-image-preview":"max-image-preview:large","max-video-preview":"max-video-preview:-1"},"canonical":"https:\/\/konyveloiroda.kimo-soft.hu\/index.php\/konyveles\/","og_locale":"en_US","og_type":"article","og_title":"K\u00f6nyvel\u00e9s - K\u00f6nyvel\u0151iroda","og_description":"K\u00f6nyvel\u00e9s Minden v\u00e1llalkoz\u00e1s sz\u00e1m\u00e1ra nagyon fontos a megb\u00edzhat\u00f3, prec\u00edz \u00e9s informat\u00edv k\u00f6nyvel\u00e9s valamint a hat\u00e9kony adminisztr\u00e1ci\u00f3 kialak\u00edt\u00e1sa. Egy t\u00e1rsas\u00e1g k\u00f6nyvel\u00e9se rendk\u00edv\u00fcli bizalmat felt\u00e9telez \u00e9s ez\u00e1ltal a legszigor\u00fabb titoktart\u00e1st k\u00f6veteli meg. K\u00f6nyvel\u00e9ssel foglalkoz\u00f3 koll\u00e9g\u00e1ink tud\u00e1suk legjav\u00e1t k\u00edn\u00e1lj\u00e1k ahhoz, hogy megb\u00edz\u00f3ink m\u0171k\u00f6d\u00e9s\u00fck sor\u00e1n v\u00e9grehajtott \u00fcgyleteik pontosan, megb\u00edzhat\u00f3an \u00e9s a hat\u00e1lyos t\u00f6rv\u00e9nyeknek mindenben megfelel\u0151en legyen adminisztr\u00e1lva. T\u00f6reksz\u00fcnk arra, [&hellip;]","og_url":"https:\/\/konyveloiroda.kimo-soft.hu\/index.php\/konyveles\/","og_site_name":"K\u00f6nyvel\u0151iroda","article_modified_time":"2023-06-08T05:52:13+00:00","twitter_card":"summary_large_image","twitter_misc":{"Est. reading time":"2 minutes"},"schema":{"@context":"https:\/\/schema.org","@graph":[{"@type":"WebPage","@id":"https:\/\/konyveloiroda.kimo-soft.hu\/index.php\/konyveles\/","url":"https:\/\/konyveloiroda.kimo-soft.hu\/index.php\/konyveles\/","name":"K\u00f6nyvel\u00e9s - K\u00f6nyvel\u0151iroda","isPartOf":{"@id":"https:\/\/konyveloiroda.kimo-soft.hu\/#website"},"datePublished":"2023-06-08T05:49:32+00:00","dateModified":"2023-06-08T05:52:13+00:00","breadcrumb":{"@id":"https:\/\/konyveloiroda.kimo-soft.hu\/index.php\/konyveles\/#breadcrumb"},"inLanguage":"en-US","potentialAction":[{"@type":"ReadAction","target":["https:\/\/konyveloiroda.kimo-soft.hu\/index.php\/konyveles\/"]}]},{"@type":"BreadcrumbList","@id":"https:\/\/konyveloiroda.kimo-soft.hu\/index.php\/konyveles\/#breadcrumb","itemListElement":[{"@type":"ListItem","position":1,"name":"Home","item":"https:\/\/konyveloiroda.kimo-soft.hu\/"},{"@type":"ListItem","position":2,"name":"K\u00f6nyvel\u00e9s"}]},{"@type":"WebSite","@id":"https:\/\/konyveloiroda.kimo-soft.hu\/#website","url":"https:\/\/konyveloiroda.kimo-soft.hu\/","name":"KiMo-Soft K\u00f6nyvel\u0151iroda","description":"","publisher":{"@id":"https:\/\/konyveloiroda.kimo-soft.hu\/#organization"},"potentialAction":[{"@type":"SearchAction","target":{"@type":"EntryPoint","urlTemplate":"https:\/\/konyveloiroda.kimo-soft.hu\/?s={search_term_string}"},"query-input":{"@type":"PropertyValueSpecification","valueRequired":true,"valueName":"search_term_string"}}],"inLanguage":"en-US"},{"@type":"Organization","@id":"https:\/\/konyveloiroda.kimo-soft.hu\/#organization","name":"KiMo-Soft Kft","url":"https:\/\/konyveloiroda.kimo-soft.hu\/","logo":{"@type":"ImageObject","inLanguage":"en-US","@id":"https:\/\/konyveloiroda.kimo-soft.hu\/#\/schema\/logo\/image\/","url":"https:\/\/konyveloiroda.kimo-soft.hu\/wp-content\/uploads\/2023\/05\/kimo_konyveloiroda.png","contentUrl":"https:\/\/konyveloiroda.kimo-soft.hu\/wp-content\/uploads\/2023\/05\/kimo_konyveloiroda.png","width":990,"height":256,"caption":"KiMo-Soft Kft"},"image":{"@id":"https:\/\/konyveloiroda.kimo-soft.hu\/#\/schema\/logo\/image\/"}}]}},"_links":{"self":[{"href":"https:\/\/konyveloiroda.kimo-soft.hu\/index.php\/wp-json\/wp\/v2\/pages\/251","targetHints":{"allow":["GET"]}}],"collection":[{"href":"https:\/\/konyveloiroda.kimo-soft.hu\/index.php\/wp-json\/wp\/v2\/pages"}],"about":[{"href":"https:\/\/konyveloiroda.kimo-soft.hu\/index.php\/wp-json\/wp\/v2\/types\/page"}],"author":[{"embeddable":true,"href":"https:\/\/konyveloiroda.kimo-soft.hu\/index.php\/wp-json\/wp\/v2\/users\/1"}],"replies":[{"embeddable":true,"href":"https:\/\/konyveloiroda.kimo-soft.hu\/index.php\/wp-json\/wp\/v2\/comments?post=251"}],"version-history":[{"count":8,"href":"https:\/\/konyveloiroda.kimo-soft.hu\/index.php\/wp-json\/wp\/v2\/pages\/251\/revisions"}],"predecessor-version":[{"id":259,"href":"https:\/\/konyveloiroda.kimo-soft.hu\/index.php\/wp-json\/wp\/v2\/pages\/251\/revisions\/259"}],"wp:attachment":[{"href":"https:\/\/konyveloiroda.kimo-soft.hu\/index.php\/wp-json\/wp\/v2\/media?parent=251"}],"curies":[{"name":"wp","href":"https:\/\/api.w.org\/{rel}","templated":true}]}}