{"id":260,"date":"2023-06-08T05:52:28","date_gmt":"2023-06-08T05:52:28","guid":{"rendered":"https:\/\/konyveloiroda.kimo-soft.hu\/?page_id=260"},"modified":"2023-06-08T05:53:20","modified_gmt":"2023-06-08T05:53:20","slug":"berszamfejtes","status":"publish","type":"page","link":"https:\/\/konyveloiroda.kimo-soft.hu\/index.php\/berszamfejtes\/","title":{"rendered":"B\u00e9rsz\u00e1mfejt\u00e9s"},"content":{"rendered":"\t\t<div data-elementor-type=\"wp-page\" data-elementor-id=\"260\" class=\"elementor elementor-260\">\n\t\t\t\t\t\t<section class=\"elementor-section elementor-top-section elementor-element elementor-element-f7e7983 elementor-section-boxed elementor-section-height-default elementor-section-height-default\" data-id=\"f7e7983\" data-element_type=\"section\" data-e-type=\"section\">\n\t\t\t\t\t\t<div class=\"elementor-container elementor-column-gap-default\">\n\t\t\t\t\t<div class=\"elementor-column elementor-col-100 elementor-top-column elementor-element elementor-element-708d55c\" data-id=\"708d55c\" data-element_type=\"column\" data-e-type=\"column\">\n\t\t\t<div class=\"elementor-widget-wrap elementor-element-populated\">\n\t\t\t\t\t\t<div class=\"elementor-element elementor-element-f01133e elementor-widget elementor-widget-heading\" data-id=\"f01133e\" data-element_type=\"widget\" data-e-type=\"widget\" data-widget_type=\"heading.default\">\n\t\t\t\t<div class=\"elementor-widget-container\">\n\t\t\t\t\t<h2 class=\"elementor-heading-title elementor-size-default\">B\u00e9rsz\u00e1mfejt\u00e9s<\/h2>\t\t\t\t<\/div>\n\t\t\t\t<\/div>\n\t\t\t\t<section class=\"elementor-section elementor-inner-section elementor-element elementor-element-d9143cb elementor-section-full_width elementor-section-height-default elementor-section-height-default\" data-id=\"d9143cb\" data-element_type=\"section\" data-e-type=\"section\">\n\t\t\t\t\t\t<div class=\"elementor-container elementor-column-gap-default\">\n\t\t\t\t\t<div class=\"elementor-column elementor-col-100 elementor-inner-column elementor-element elementor-element-7d5de2e\" data-id=\"7d5de2e\" data-element_type=\"column\" data-e-type=\"column\">\n\t\t\t<div class=\"elementor-widget-wrap elementor-element-populated\">\n\t\t\t\t\t\t<div class=\"elementor-element elementor-element-66b6209 elementor-widget elementor-widget-text-editor\" data-id=\"66b6209\" data-element_type=\"widget\" data-e-type=\"widget\" data-widget_type=\"text-editor.default\">\n\t\t\t\t<div class=\"elementor-widget-container\">\n\t\t\t\t\t\t\t\t\t<p>A b\u00e9rsz\u00e1mfejt\u00e9s \u00e9s a munkaer\u0151 \u00fcgyviteli tev\u00e9kenys\u00e9g kiszervez\u00e9se a modern v\u00e1llalatvezet\u00e9s hat\u00e9kony d\u00f6nt\u00e9se. Az outsourcing vil\u00e1gszerte n\u00f6vekv\u0151 tendenci\u00e1j\u00e1ra vil\u00e1g\u00edt, hogy a kiszervez\u00e9si d\u00f6nt\u00e9st meghoz\u00f3 v\u00e1llalatok jelent\u0151sen jav\u00edtj\u00e1k p\u00e9nz\u00fcgyi hat\u00e9konys\u00e1gukat \u00e9s versenyk\u00e9pess\u00e9g\u00fcket. A b\u00e9rsz\u00e1mfejt\u00e9s, a munkaer\u0151-keres\u00e9s, a k\u00f6nyvel\u00e9s, a k\u00fcl\u00f6nb\u00f6z\u0151 IT szolg\u00e1ltat\u00e1sok mind olyan ter\u00fcletek melyek kiszervez\u00e9s\u00e9vel jelent\u0151s k\u00f6lts\u00e9gmegtakar\u00edt\u00e1s \u00e9rhet\u0151 el a v\u00e1llalatok m\u0171k\u00f6d\u00e9se sor\u00e1n.<\/p><p>A b\u00e9rsz\u00e1mfejt\u00e9s kiszervez\u00e9se rendk\u00edv\u00fcl n\u00e9pszer\u0171v\u00e9 v\u00e1lt az elm\u00falt \u00e9vek sor\u00e1n. A v\u00e1llalatvezet\u0151k felismert\u00e9k, hogy jelent\u0151s munka, energia, ez\u00e1ltal k\u00f6lts\u00e9gmegtakar\u00edt\u00e1st \u00e9rhetnek el, ha a b\u00e9rsz\u00e1mfejt\u00e9si tev\u00e9kenys\u00e9get erre szakosodott c\u00e9gre b\u00edzz\u00e1k, hiszen ebben az esetben nem neki kell nyomon k\u00f6vetnie a folyamatosan v\u00e1ltoz\u00f3 jogszab\u00e1lyokat. T\u00e1rsas\u00e1gunk elk\u00f6telezett arra, hogy a b\u00e9rsz\u00e1mfejt\u00e9ssel kapcsolatban felmer\u00fcl\u0151 valamennyi feladatot \u00e1tv\u00e1llalja \u00e9s pontos, prec\u00edz megb\u00edzhat\u00f3 partnerk\u00e9nt t\u00e1mogat\u00e1st ny\u00fajtson az \u00d6n v\u00e1llalkoz\u00e1sa r\u00e9sz\u00e9re.<\/p><p>Mi is az a b\u00e9rsz\u00e1mfejt\u00e9s?<br \/>A b\u00e9rsz\u00e1mfejt\u00e9s keret\u00e9ben meghat\u00e1roz\u00e1sra ker\u00fclnek a dolgoz\u00f3k, egy\u00e9b jogviszonyban \u00e1ll\u00f3 k\u00f6zrem\u0171k\u00f6d\u0151 mag\u00e1nszem\u00e9lyek juttat\u00e1sai, az abb\u00f3l levonand\u00f3, ill. azok alapj\u00e1n fizetend\u0151, a kifizet\u0151t terhel\u0151 k\u00f6telezetts\u00e9gek. A b\u00e9rsz\u00e1mfejt\u0151 \u00e1ltal kisz\u00e1m\u00edtott adatok azt\u00e1n a k\u00f6nyvel\u00e9sben ker\u00fclnek r\u00f6gz\u00edt\u00e9sre.<\/p><p>A b\u00e9rsz\u00e1mfejt\u00e9s azonban j\u00f3val \u00f6sszetettebb munkafolyamat, amely \u00e1tfog\u00f3 ismereteket k\u00f6vetel, a b\u00e9rsz\u00e1mfejt\u00e9si rendszer folyamatosan v\u00e1ltoz\u00f3 szab\u00e1lyoz\u00e1sainak nyomon k\u00f6vet\u00e9s\u00e9vel \u00e9s betart\u00e1s\u00e1val.<\/p><p>A b\u00e9rsz\u00e1mfejt\u00e9s azon t\u00fal, hogy elv\u00e9gzi a dolgoz\u00f3i b\u00e9rez\u00e9ssel kapcsolatos tennival\u00f3kat, olyan adatokat \u00e9s kimutat\u00e1sokat tud biztos\u00edtani a c\u00e9gvezet\u00e9s sz\u00e1m\u00e1ra, amelyek r\u00e9v\u00e9n k\u00f6lts\u00e9ghat\u00e9konyabb megold\u00e1sok dolgozhat\u00f3k ki, vagy el\u0151re tervezhet\u0151ek bizonyos kiad\u00e1sok.<\/p><p>A b\u00e9rsz\u00e1mfejt\u00e9s seg\u00edts\u00e9g\u00e9vel, a c\u00e9g, jelent\u0151s megtakar\u00edt\u00e1sokat \u00e9rhet el a b\u00e9rrendszer v\u00e1ltoztat\u00e1s\u00e1val (cafeteria, ad\u00f3mentes juttat\u00e1sok, \u00e1llami t\u00e1mogat\u00e1sok stb.).<\/p><p>Munkat\u00e1rsaink szaktud\u00e1sa \u00e9s tapasztalata kiemelked\u0151 a szem\u00e9lyi j\u00f6vedelemad\u00f3, a t\u00e1rsadalom \u00e9s nyugd\u00edjbiztos\u00edt\u00e1s, illetve minden olyan egy\u00e9b elsz\u00e1moland\u00f3 k\u00f6telezetts\u00e9g \u00e9s ezek teljes adminisztr\u00e1ci\u00f3ja ter\u00fclet\u00e9n, amely a munkav\u00e1llal\u00e1shoz kapcsol\u00f3dik. Biztos\u00edtjuk a megb\u00edzhat\u00f3 szakembereket, a sz\u00fcks\u00e9ges programokat. B\u00e9rsz\u00e1mfejt\u00e9ssel foglalkoz\u00f3 koll\u00e9g\u00e1ink tud\u00e1suk legjav\u00e1t k\u00edn\u00e1lj\u00e1k ahhoz, hogy megb\u00edz\u00f3ink alkalmazottainak b\u00e9relsz\u00e1mol\u00e1sa, ad\u00f3bevall\u00e1sa pontosan, megb\u00edzhat\u00f3an \u00e9s a hat\u00e1lyos t\u00f6rv\u00e9nyeknek mindenben megfelel\u0151en legyen feldolgozva \u00e9s adminisztr\u00e1lva.<\/p><p>Koll\u00e9g\u00e1ink a b\u00e9rsz\u00e1mfejt\u00e9s sor\u00e1n a tudom\u00e1sukra jutott inform\u00e1ci\u00f3kkal, adatokkal a legszigor\u00fabb k\u00f6vetelm\u00e9nyeknek megfelel\u0151 kiemelt titoktart\u00e1ssal b\u00e1nnak. A titoktart\u00e1st term\u00e9szetesen k\u00fcl\u00f6n nyilatkozatban er\u0151s\u00edtj\u00fck meg.<\/p><p>Legfontosabb teend\u0151k a b\u00e9rsz\u00e1mfejt\u00e9s ter\u00fclet\u00e9n:<\/p><p>\u00b7 Dolgoz\u00f3k adatainak nyilv\u00e1ntart\u00e1sa szervezeti egys\u00e9genk\u00e9nti \u00e9s szem\u00e9ly szerinti bont\u00e1sban<\/p><p>\u00b7 Havi b\u00e9rsz\u00e1mfejt\u00e9s elk\u00e9sz\u00edt\u00e9se<\/p><p>\u00b7 B\u00e9rp\u00f3tl\u00e9kok, egy\u00e9b szem\u00e9lyi jelleg\u0171 juttat\u00e1sok sz\u00e1mfejt\u00e9se<\/p><p>\u00b7 \u00d6szt\u00f6nz\u00e9si rendszerek, szabads\u00e1gok, t\u00fal\u00f3r\u00e1k nyilv\u00e1ntart\u00e1sa<\/p><p>\u00b7 Dolgoz\u00f3i levon\u00e1sok kezel\u00e9se \u00e9s nyilv\u00e1ntart\u00e1sa<\/p><p>\u00b7 Keres\u0151k\u00e9ptelens\u00e9g elb\u00edr\u00e1l\u00e1s\u00e1hoz sz\u00fcks\u00e9ges adminisztr\u00e1ci\u00f3 elk\u00e9sz\u00edt\u00e9se<br \/>(t\u00e1pp\u00e9nz, baleseti t\u00e1pp\u00e9nz, GY\u00c1P, TGY\u00c1S, GYED)<\/p><p>\u00b7 Munk\u00e1ltat\u00f3i felmond\u00e1sok elk\u00e9sz\u00edt\u00e9se, munkaviszony megsz\u0171n\u00e9s\u00e9vel kapcsolatos<br \/>nyomtatv\u00e1nyok elk\u00e9sz\u00edt\u00e9se<\/p><p>\u00b7 Fizetend\u0151 ad\u00f3k \u00e9s j\u00e1rul\u00e9kok list\u00e1j\u00e1nak elk\u00e9sz\u00edt\u00e9se a b\u00e9rsz\u00e1mfejt\u00e9s adataib\u00f3l<\/p><p>\u00b7 Munk\u00e1ltat\u00f3i befizet\u00e9sek kezel\u00e9se<\/p><p>\u00b7 K\u00f6nyvel\u00e9s r\u00e9sz\u00e9re b\u00e9rfelad\u00e1s k\u00e9sz\u00edt\u00e9se<\/p><p>\u00b7 Havi adatszolg\u00e1ltat\u00e1sok elk\u00e9sz\u00edt\u00e9se<\/p><p>\u00b7 Munka\u00fcgyi- \u00e9s b\u00e9rstatisztik\u00e1k k\u00e9sz\u00edt\u00e9se<\/p><p>\u00b7 \u00c9v v\u00e9gi szem\u00e9lyi j\u00f6vedelemad\u00f3val kapcsolatos bevall\u00e1sok elk\u00e9sz\u00edt\u00e9se<\/p><p>\u00b7 A b\u00e9rsz\u00e1mfejt\u00e9shez kapcsol\u00f3d\u00f3 teend\u0151k alapja a pontos munka\u00fcgyi nyilv\u00e1ntart\u00e1s. A munkaszerz\u0151d\u00e9sek, munkak\u00f6ri le\u00edr\u00e1sok, jelenl\u00e9ti \u00edvek, szabads\u00e1gok vezet\u00e9se a v\u00e1llalkoz\u00e1sn\u00e1l kell, hogy t\u00f6rt\u00e9njen, melynek kialak\u00edt\u00e1s\u00e1ban sz\u00edvesen seg\u00edt\u00fcnk.<\/p>\t\t\t\t\t\t\t\t<\/div>\n\t\t\t\t<\/div>\n\t\t\t\t\t<\/div>\n\t\t<\/div>\n\t\t\t\t\t<\/div>\n\t\t<\/section>\n\t\t\t\t\t<\/div>\n\t\t<\/div>\n\t\t\t\t\t<\/div>\n\t\t<\/section>\n\t\t\t\t<\/div>\n\t\t","protected":false},"excerpt":{"rendered":"<p>B\u00e9rsz\u00e1mfejt\u00e9s A b\u00e9rsz\u00e1mfejt\u00e9s \u00e9s a munkaer\u0151 \u00fcgyviteli tev\u00e9kenys\u00e9g kiszervez\u00e9se a modern v\u00e1llalatvezet\u00e9s hat\u00e9kony d\u00f6nt\u00e9se. Az outsourcing vil\u00e1gszerte n\u00f6vekv\u0151 tendenci\u00e1j\u00e1ra vil\u00e1g\u00edt, hogy a kiszervez\u00e9si d\u00f6nt\u00e9st meghoz\u00f3 v\u00e1llalatok jelent\u0151sen jav\u00edtj\u00e1k p\u00e9nz\u00fcgyi hat\u00e9konys\u00e1gukat \u00e9s versenyk\u00e9pess\u00e9g\u00fcket. A b\u00e9rsz\u00e1mfejt\u00e9s, a munkaer\u0151-keres\u00e9s, a k\u00f6nyvel\u00e9s, a k\u00fcl\u00f6nb\u00f6z\u0151 IT szolg\u00e1ltat\u00e1sok mind olyan ter\u00fcletek melyek kiszervez\u00e9s\u00e9vel jelent\u0151s k\u00f6lts\u00e9gmegtakar\u00edt\u00e1s \u00e9rhet\u0151 el a v\u00e1llalatok m\u0171k\u00f6d\u00e9se sor\u00e1n. [&hellip;]<\/p>\n","protected":false},"author":1,"featured_media":0,"parent":0,"menu_order":0,"comment_status":"closed","ping_status":"closed","template":"elementor_header_footer","meta":{"footnotes":""},"class_list":["post-260","page","type-page","status-publish","hentry"],"yoast_head":"<!-- This site is optimized with the Yoast SEO plugin v27.5 - https:\/\/yoast.com\/product\/yoast-seo-wordpress\/ -->\n<title>B\u00e9rsz\u00e1mfejt\u00e9s - K\u00f6nyvel\u0151iroda<\/title>\n<meta name=\"robots\" content=\"index, follow, max-snippet:-1, max-image-preview:large, max-video-preview:-1\" \/>\n<link rel=\"canonical\" href=\"https:\/\/konyveloiroda.kimo-soft.hu\/index.php\/berszamfejtes\/\" \/>\n<meta property=\"og:locale\" content=\"en_US\" \/>\n<meta property=\"og:type\" content=\"article\" \/>\n<meta property=\"og:title\" content=\"B\u00e9rsz\u00e1mfejt\u00e9s - K\u00f6nyvel\u0151iroda\" \/>\n<meta property=\"og:description\" content=\"B\u00e9rsz\u00e1mfejt\u00e9s A b\u00e9rsz\u00e1mfejt\u00e9s \u00e9s a munkaer\u0151 \u00fcgyviteli tev\u00e9kenys\u00e9g kiszervez\u00e9se a modern v\u00e1llalatvezet\u00e9s hat\u00e9kony d\u00f6nt\u00e9se. Az outsourcing vil\u00e1gszerte n\u00f6vekv\u0151 tendenci\u00e1j\u00e1ra vil\u00e1g\u00edt, hogy a kiszervez\u00e9si d\u00f6nt\u00e9st meghoz\u00f3 v\u00e1llalatok jelent\u0151sen jav\u00edtj\u00e1k p\u00e9nz\u00fcgyi hat\u00e9konys\u00e1gukat \u00e9s versenyk\u00e9pess\u00e9g\u00fcket. A b\u00e9rsz\u00e1mfejt\u00e9s, a munkaer\u0151-keres\u00e9s, a k\u00f6nyvel\u00e9s, a k\u00fcl\u00f6nb\u00f6z\u0151 IT szolg\u00e1ltat\u00e1sok mind olyan ter\u00fcletek melyek kiszervez\u00e9s\u00e9vel jelent\u0151s k\u00f6lts\u00e9gmegtakar\u00edt\u00e1s \u00e9rhet\u0151 el a v\u00e1llalatok m\u0171k\u00f6d\u00e9se sor\u00e1n. [&hellip;]\" \/>\n<meta property=\"og:url\" content=\"https:\/\/konyveloiroda.kimo-soft.hu\/index.php\/berszamfejtes\/\" \/>\n<meta property=\"og:site_name\" content=\"K\u00f6nyvel\u0151iroda\" \/>\n<meta property=\"article:modified_time\" content=\"2023-06-08T05:53:20+00:00\" \/>\n<meta name=\"twitter:card\" content=\"summary_large_image\" \/>\n<meta name=\"twitter:label1\" content=\"Est. reading time\" \/>\n\t<meta name=\"twitter:data1\" content=\"2 minutes\" \/>\n<script type=\"application\/ld+json\" class=\"yoast-schema-graph\">{\"@context\":\"https:\\\/\\\/schema.org\",\"@graph\":[{\"@type\":\"WebPage\",\"@id\":\"https:\\\/\\\/konyveloiroda.kimo-soft.hu\\\/index.php\\\/berszamfejtes\\\/\",\"url\":\"https:\\\/\\\/konyveloiroda.kimo-soft.hu\\\/index.php\\\/berszamfejtes\\\/\",\"name\":\"B\u00e9rsz\u00e1mfejt\u00e9s - K\u00f6nyvel\u0151iroda\",\"isPartOf\":{\"@id\":\"https:\\\/\\\/konyveloiroda.kimo-soft.hu\\\/#website\"},\"datePublished\":\"2023-06-08T05:52:28+00:00\",\"dateModified\":\"2023-06-08T05:53:20+00:00\",\"breadcrumb\":{\"@id\":\"https:\\\/\\\/konyveloiroda.kimo-soft.hu\\\/index.php\\\/berszamfejtes\\\/#breadcrumb\"},\"inLanguage\":\"en-US\",\"potentialAction\":[{\"@type\":\"ReadAction\",\"target\":[\"https:\\\/\\\/konyveloiroda.kimo-soft.hu\\\/index.php\\\/berszamfejtes\\\/\"]}]},{\"@type\":\"BreadcrumbList\",\"@id\":\"https:\\\/\\\/konyveloiroda.kimo-soft.hu\\\/index.php\\\/berszamfejtes\\\/#breadcrumb\",\"itemListElement\":[{\"@type\":\"ListItem\",\"position\":1,\"name\":\"Home\",\"item\":\"https:\\\/\\\/konyveloiroda.kimo-soft.hu\\\/\"},{\"@type\":\"ListItem\",\"position\":2,\"name\":\"B\u00e9rsz\u00e1mfejt\u00e9s\"}]},{\"@type\":\"WebSite\",\"@id\":\"https:\\\/\\\/konyveloiroda.kimo-soft.hu\\\/#website\",\"url\":\"https:\\\/\\\/konyveloiroda.kimo-soft.hu\\\/\",\"name\":\"KiMo-Soft K\u00f6nyvel\u0151iroda\",\"description\":\"\",\"publisher\":{\"@id\":\"https:\\\/\\\/konyveloiroda.kimo-soft.hu\\\/#organization\"},\"potentialAction\":[{\"@type\":\"SearchAction\",\"target\":{\"@type\":\"EntryPoint\",\"urlTemplate\":\"https:\\\/\\\/konyveloiroda.kimo-soft.hu\\\/?s={search_term_string}\"},\"query-input\":{\"@type\":\"PropertyValueSpecification\",\"valueRequired\":true,\"valueName\":\"search_term_string\"}}],\"inLanguage\":\"en-US\"},{\"@type\":\"Organization\",\"@id\":\"https:\\\/\\\/konyveloiroda.kimo-soft.hu\\\/#organization\",\"name\":\"KiMo-Soft Kft\",\"url\":\"https:\\\/\\\/konyveloiroda.kimo-soft.hu\\\/\",\"logo\":{\"@type\":\"ImageObject\",\"inLanguage\":\"en-US\",\"@id\":\"https:\\\/\\\/konyveloiroda.kimo-soft.hu\\\/#\\\/schema\\\/logo\\\/image\\\/\",\"url\":\"https:\\\/\\\/konyveloiroda.kimo-soft.hu\\\/wp-content\\\/uploads\\\/2023\\\/05\\\/kimo_konyveloiroda.png\",\"contentUrl\":\"https:\\\/\\\/konyveloiroda.kimo-soft.hu\\\/wp-content\\\/uploads\\\/2023\\\/05\\\/kimo_konyveloiroda.png\",\"width\":990,\"height\":256,\"caption\":\"KiMo-Soft Kft\"},\"image\":{\"@id\":\"https:\\\/\\\/konyveloiroda.kimo-soft.hu\\\/#\\\/schema\\\/logo\\\/image\\\/\"}}]}<\/script>\n<!-- \/ Yoast SEO plugin. -->","yoast_head_json":{"title":"B\u00e9rsz\u00e1mfejt\u00e9s - K\u00f6nyvel\u0151iroda","robots":{"index":"index","follow":"follow","max-snippet":"max-snippet:-1","max-image-preview":"max-image-preview:large","max-video-preview":"max-video-preview:-1"},"canonical":"https:\/\/konyveloiroda.kimo-soft.hu\/index.php\/berszamfejtes\/","og_locale":"en_US","og_type":"article","og_title":"B\u00e9rsz\u00e1mfejt\u00e9s - K\u00f6nyvel\u0151iroda","og_description":"B\u00e9rsz\u00e1mfejt\u00e9s A b\u00e9rsz\u00e1mfejt\u00e9s \u00e9s a munkaer\u0151 \u00fcgyviteli tev\u00e9kenys\u00e9g kiszervez\u00e9se a modern v\u00e1llalatvezet\u00e9s hat\u00e9kony d\u00f6nt\u00e9se. Az outsourcing vil\u00e1gszerte n\u00f6vekv\u0151 tendenci\u00e1j\u00e1ra vil\u00e1g\u00edt, hogy a kiszervez\u00e9si d\u00f6nt\u00e9st meghoz\u00f3 v\u00e1llalatok jelent\u0151sen jav\u00edtj\u00e1k p\u00e9nz\u00fcgyi hat\u00e9konys\u00e1gukat \u00e9s versenyk\u00e9pess\u00e9g\u00fcket. A b\u00e9rsz\u00e1mfejt\u00e9s, a munkaer\u0151-keres\u00e9s, a k\u00f6nyvel\u00e9s, a k\u00fcl\u00f6nb\u00f6z\u0151 IT szolg\u00e1ltat\u00e1sok mind olyan ter\u00fcletek melyek kiszervez\u00e9s\u00e9vel jelent\u0151s k\u00f6lts\u00e9gmegtakar\u00edt\u00e1s \u00e9rhet\u0151 el a v\u00e1llalatok m\u0171k\u00f6d\u00e9se sor\u00e1n. [&hellip;]","og_url":"https:\/\/konyveloiroda.kimo-soft.hu\/index.php\/berszamfejtes\/","og_site_name":"K\u00f6nyvel\u0151iroda","article_modified_time":"2023-06-08T05:53:20+00:00","twitter_card":"summary_large_image","twitter_misc":{"Est. reading time":"2 minutes"},"schema":{"@context":"https:\/\/schema.org","@graph":[{"@type":"WebPage","@id":"https:\/\/konyveloiroda.kimo-soft.hu\/index.php\/berszamfejtes\/","url":"https:\/\/konyveloiroda.kimo-soft.hu\/index.php\/berszamfejtes\/","name":"B\u00e9rsz\u00e1mfejt\u00e9s - K\u00f6nyvel\u0151iroda","isPartOf":{"@id":"https:\/\/konyveloiroda.kimo-soft.hu\/#website"},"datePublished":"2023-06-08T05:52:28+00:00","dateModified":"2023-06-08T05:53:20+00:00","breadcrumb":{"@id":"https:\/\/konyveloiroda.kimo-soft.hu\/index.php\/berszamfejtes\/#breadcrumb"},"inLanguage":"en-US","potentialAction":[{"@type":"ReadAction","target":["https:\/\/konyveloiroda.kimo-soft.hu\/index.php\/berszamfejtes\/"]}]},{"@type":"BreadcrumbList","@id":"https:\/\/konyveloiroda.kimo-soft.hu\/index.php\/berszamfejtes\/#breadcrumb","itemListElement":[{"@type":"ListItem","position":1,"name":"Home","item":"https:\/\/konyveloiroda.kimo-soft.hu\/"},{"@type":"ListItem","position":2,"name":"B\u00e9rsz\u00e1mfejt\u00e9s"}]},{"@type":"WebSite","@id":"https:\/\/konyveloiroda.kimo-soft.hu\/#website","url":"https:\/\/konyveloiroda.kimo-soft.hu\/","name":"KiMo-Soft K\u00f6nyvel\u0151iroda","description":"","publisher":{"@id":"https:\/\/konyveloiroda.kimo-soft.hu\/#organization"},"potentialAction":[{"@type":"SearchAction","target":{"@type":"EntryPoint","urlTemplate":"https:\/\/konyveloiroda.kimo-soft.hu\/?s={search_term_string}"},"query-input":{"@type":"PropertyValueSpecification","valueRequired":true,"valueName":"search_term_string"}}],"inLanguage":"en-US"},{"@type":"Organization","@id":"https:\/\/konyveloiroda.kimo-soft.hu\/#organization","name":"KiMo-Soft Kft","url":"https:\/\/konyveloiroda.kimo-soft.hu\/","logo":{"@type":"ImageObject","inLanguage":"en-US","@id":"https:\/\/konyveloiroda.kimo-soft.hu\/#\/schema\/logo\/image\/","url":"https:\/\/konyveloiroda.kimo-soft.hu\/wp-content\/uploads\/2023\/05\/kimo_konyveloiroda.png","contentUrl":"https:\/\/konyveloiroda.kimo-soft.hu\/wp-content\/uploads\/2023\/05\/kimo_konyveloiroda.png","width":990,"height":256,"caption":"KiMo-Soft Kft"},"image":{"@id":"https:\/\/konyveloiroda.kimo-soft.hu\/#\/schema\/logo\/image\/"}}]}},"_links":{"self":[{"href":"https:\/\/konyveloiroda.kimo-soft.hu\/index.php\/wp-json\/wp\/v2\/pages\/260","targetHints":{"allow":["GET"]}}],"collection":[{"href":"https:\/\/konyveloiroda.kimo-soft.hu\/index.php\/wp-json\/wp\/v2\/pages"}],"about":[{"href":"https:\/\/konyveloiroda.kimo-soft.hu\/index.php\/wp-json\/wp\/v2\/types\/page"}],"author":[{"embeddable":true,"href":"https:\/\/konyveloiroda.kimo-soft.hu\/index.php\/wp-json\/wp\/v2\/users\/1"}],"replies":[{"embeddable":true,"href":"https:\/\/konyveloiroda.kimo-soft.hu\/index.php\/wp-json\/wp\/v2\/comments?post=260"}],"version-history":[{"count":4,"href":"https:\/\/konyveloiroda.kimo-soft.hu\/index.php\/wp-json\/wp\/v2\/pages\/260\/revisions"}],"predecessor-version":[{"id":264,"href":"https:\/\/konyveloiroda.kimo-soft.hu\/index.php\/wp-json\/wp\/v2\/pages\/260\/revisions\/264"}],"wp:attachment":[{"href":"https:\/\/konyveloiroda.kimo-soft.hu\/index.php\/wp-json\/wp\/v2\/media?parent=260"}],"curies":[{"name":"wp","href":"https:\/\/api.w.org\/{rel}","templated":true}]}}