{"id":265,"date":"2023-06-08T05:53:27","date_gmt":"2023-06-08T05:53:27","guid":{"rendered":"https:\/\/konyveloiroda.kimo-soft.hu\/?page_id=265"},"modified":"2023-06-15T09:09:21","modified_gmt":"2023-06-15T09:09:21","slug":"kozmuvagyon-ertekeles","status":"publish","type":"page","link":"https:\/\/konyveloiroda.kimo-soft.hu\/index.php\/kozmuvagyon-ertekeles\/","title":{"rendered":"K\u00f6zm\u0171vagyon \u00e9rt\u00e9kel\u00e9s"},"content":{"rendered":"\t\t<div data-elementor-type=\"wp-page\" data-elementor-id=\"265\" class=\"elementor elementor-265\">\n\t\t\t\t\t\t<section class=\"elementor-section elementor-top-section elementor-element elementor-element-f7e7983 elementor-section-boxed elementor-section-height-default elementor-section-height-default\" data-id=\"f7e7983\" data-element_type=\"section\" data-e-type=\"section\">\n\t\t\t\t\t\t<div class=\"elementor-container elementor-column-gap-default\">\n\t\t\t\t\t<div class=\"elementor-column elementor-col-100 elementor-top-column elementor-element elementor-element-708d55c\" data-id=\"708d55c\" data-element_type=\"column\" data-e-type=\"column\">\n\t\t\t<div class=\"elementor-widget-wrap elementor-element-populated\">\n\t\t\t\t\t\t<div class=\"elementor-element elementor-element-f01133e elementor-widget elementor-widget-heading\" data-id=\"f01133e\" data-element_type=\"widget\" data-e-type=\"widget\" data-widget_type=\"heading.default\">\n\t\t\t\t<div class=\"elementor-widget-container\">\n\t\t\t\t\t<h2 class=\"elementor-heading-title elementor-size-default\">K\u00f6zm\u0171vagyon \u00e9rt\u00e9kel\u00e9s<\/h2>\t\t\t\t<\/div>\n\t\t\t\t<\/div>\n\t\t\t\t<section class=\"elementor-section elementor-inner-section elementor-element elementor-element-d9143cb elementor-section-full_width elementor-section-height-default elementor-section-height-default\" data-id=\"d9143cb\" data-element_type=\"section\" data-e-type=\"section\">\n\t\t\t\t\t\t<div class=\"elementor-container elementor-column-gap-default\">\n\t\t\t\t\t<div class=\"elementor-column elementor-col-100 elementor-inner-column elementor-element elementor-element-7d5de2e\" data-id=\"7d5de2e\" data-element_type=\"column\" data-e-type=\"column\">\n\t\t\t<div class=\"elementor-widget-wrap elementor-element-populated\">\n\t\t\t\t\t\t<div class=\"elementor-element elementor-element-66b6209 elementor-widget elementor-widget-text-editor\" data-id=\"66b6209\" data-element_type=\"widget\" data-e-type=\"widget\" data-widget_type=\"text-editor.default\">\n\t\t\t\t<div class=\"elementor-widget-container\">\n\t\t\t\t\t\t\t\t\t<p>Az id\u00e9n hat\u00e1lyba l\u00e9pett t\u00f6rv\u00e9ny (2011. \u00e9vi CCIX. t\u00f6rv\u00e9ny a v\u00edzik\u00f6zm\u0171-szolg\u00e1ltat\u00e1sr\u00f3l, 12. \u00a7 \u00e9s 75. \u00a7) alapj\u00e1n, 2012. j\u00falius 1.-t\u0151l minden \u00fczemeltet\u00e9si szerz\u0151d\u00e9s k\u00f6telez\u0151 mell\u00e9klet\u00e9t k\u00e9pezi a v\u00edzik\u00f6zm\u0171vek vagyon\u00e9rt\u00e9kel\u00e9se.<\/p><p>Ennek \u00e9rdek\u00e9ben sz\u00fcks\u00e9ges egy olyan \u00e1tfog\u00f3 vagyon\u00e9rt\u00e9kel\u00e9s lefolytat\u00e1sa, ill. olyan vagyonlelt\u00e1r l\u00e9trehoz\u00e1sa, mely lehet\u0151v\u00e9 teszi az \u00fczemeltetett v\u00edzik\u00f6zm\u0171 t\u00f6rzsvagyon val\u00f3s m\u0171szaki \u00e1llapot\u00e1t \u00e9s p\u00f3tl\u00e1si k\u00f6lts\u00e9g\u00e9t t\u00fckr\u00f6z\u0151 vagyon\u00e9rt\u00e9k kimutat\u00e1s\u00e1t, a fenntarthat\u00f3 vagyongazd\u00e1lkod\u00e1shoz sz\u00fcks\u00e9ges \u00e9rt\u00e9kcs\u00f6kken\u00e9si t\u00f6meg k\u00e9pz\u00e9s\u00e9t valamint a hossz\u00fa t\u00e1v\u00fa rekonstrukci\u00f3s ig\u00e9nyek el\u0151rejelz\u00e9s\u00e9t.<\/p><p>A KISS-TIKE Kft. a K\u00d6ZM\u0170VAGYON-\u00c9RT\u00c9KEL\u00c9SI KLASZTER (K\u00c9K) tagv\u00e1llalatak\u00e9nt, a Klaszter saj\u00e1t fejleszt\u00e9s\u0171 TIKA szoftver\u00e9nek seg\u00edts\u00e9g\u00e9vel a k\u00f6zm\u0171vagyon-\u00e9rt\u00e9kel\u00e9si tev\u00e9kenys\u00e9g teljes vertikum\u00e1ban kiemelked\u0151 sz\u00ednvonal\u00fa \u00e9s hat\u00e9kony szolg\u00e1ltat\u00e1st ny\u00fajt.<\/p><p>A KISS-TIKE Kft. tev\u00e9kenys\u00e9ge az \u00fczleti, gazdas\u00e1gi \u00e9let minden \u00e1g\u00e1ra kiterjed, megval\u00f3s\u00edthat\u00f3 \u00e9s re\u00e1lis megold\u00e1sokat k\u00edn\u00e1lva \u00dcgyfeleink sz\u00e1m\u00e1ra. Kimagasl\u00f3 hat\u00e9konys\u00e1ggal \u00e9s eredm\u00e9nyekkel rendelkez\u00fcnk. Mindezen tapasztalatainkat kamatoztatva \u00e9s szakmai tud\u00e1sunkat felhaszn\u00e1lva szeretn\u00e9nk a v\u00edzik\u00f6zm\u0171 \u00e9rt\u00e9kel\u00e9sben is kimagasl\u00f3 tud\u00e1sunkkal kiszolg\u00e1lni partnereinket.<\/p><p>C\u00e9lunk a nemzeti v\u00edzik\u00f6zm\u0171-vagyon v\u00e9delme, a v\u00edzik\u00f6zm\u0171-szolg\u00e1ltat\u00e1si \u00e1gazatokban a fenntarthat\u00f3 fejl\u0151d\u00e9s, az iv\u00f3v\u00edzkincs k\u00edm\u00e9let\u00e9t szolg\u00e1l\u00f3 c\u00e9lok teljes\u00fcl\u00e9se, a fogyaszt\u00f3v\u00e9delem sz\u00e9les k\u00f6r\u0171 \u00e9rv\u00e9nyes\u00fcl\u00e9s\u00e9t szolg\u00e1l\u00f3 v\u00edzik\u00f6zm\u0171-szolg\u00e1ltat\u00e1si felt\u00e9telek biztos\u00edt\u00e1sa.<\/p><p>A KISS-TIKE Kft. a K\u00f6zm\u0171vagyon-\u00e9rt\u00e9kel\u00e9si Klaszter tagjak\u00e9nt a T\u00f6bb szempont\u00fa Integr\u00e1lt K\u00f6zm\u0171vagyon-\u00e9rt\u00e9kel\u00e9si Adatb\u00e1zis \u2013 szoftvert \u00e9s nyilv\u00e1ntart\u00e1si rendszert alkalmazza.<br \/>A t\u00f6bb szempont\u00fa integr\u00e1lt vagyon\u00e9rt\u00e9kel\u00e9si m\u00f3dszertanra \u00e9p\u00fcl\u0151 objektum szint\u0171 struktur\u00e1lt adatb\u00e1zis\/vagyonlelt\u00e1r fel\u00e1ll\u00edt\u00e1sa hat\u00e9kony \u00e9s magas sz\u00ednvonal\u00fa rendszere.<\/p><p>A k\u00f6zm\u0171vagyon-\u00e9rt\u00e9kel\u00e9sek fel\u00f6lelik a teljes k\u00f6zm\u0171h\u00e1l\u00f3zat gazdas\u00e1gi, p\u00e9nz\u00fcgyi \u00e9rt\u00e9kel\u00e9s\u00e9t, a term\u00e9szetes v\u00edz b\u00e1zisokt\u00f3l a k\u00f6zm\u0171h\u00e1l\u00f3zatok pontos elhelyezked\u00e9s\u00e9n \u00e1t, a v\u00edzik\u00f6zm\u0171 t\u00e9rk\u00e9pek digitaliz\u00e1l\u00e1s\u00e1n kereszt\u00fcl egy naprak\u00e9sz adatbankig.<\/p><p>Az adatb\u00e1zis objektumcsoportonk\u00e9nti bont\u00e1sban tartalmazza az objektumok azonos\u00edt\u00e1s\u00e1t, azok m\u0171szaki-, gazdas\u00e1gi- \u00e9s \u00e1llapot jellemz\u0151it. A vagyonlelt\u00e1r alkalmas kritikus objektumok beazonos\u00edt\u00e1s\u00e1ra, a p\u00f3tl\u00e1s v\u00e1rhat\u00f3 ideje alapj\u00e1n a rekonstrukci\u00f3s tervez\u00e9s alapj\u00e1t k\u00e9pez\u0151 \u00e9ves rekonstrukci\u00f3s (p\u00f3tl\u00e1si) sz\u00fcks\u00e9glet meghat\u00e1roz\u00e1s\u00e1ra, a gazdas\u00e1gi jellemz\u0151k alapj\u00e1n a d\u00edjgazd\u00e1lkod\u00e1s t\u00e1mogat\u00e1s\u00e1ra, valamint a vagyongazd\u00e1lkod\u00e1ssal \u00f6sszef\u00fcgg\u0151 d\u00f6nt\u00e9shozatal t\u00e1mogat\u00e1s\u00e1hoz sz\u00fcks\u00e9ges statisztik\u00e1k \u00e9s \u00f6sszes\u00edtett adatok lek\u00e9rdez\u00e9s\u00e9re.<\/p><p>Az \u00e9rt\u00e9kel\u00e9s teljes k\u00f6r\u0171en kiterjed a v\u00edzik\u00f6zm\u0171vek eszk\u00f6z\u00e1llom\u00e1nyaira (v\u00edzvezet\u00e9kek, v\u00edzh\u00e1l\u00f3zati szerelv\u00e9nyakn\u00e1k, nyom\u00e1scs\u00f6kkent\u0151k, nyom\u00e1scs\u00f6kkent\u0151k akn\u00e1i, v\u00edz bek\u00f6t\u00e9sek, hidroforok, szennyv\u00edz csatorn\u00e1k, szennyv\u00edz bek\u00f6t\u00e9sek, szennyv\u00edz \u00e1temel\u0151k, szennyv\u00edz akn\u00e1k, szennyv\u00edztiszt\u00edt\u00f3 telepek).<\/p><p>A T\u00f6bb szempont\u00fa Integr\u00e1lt K\u00f6zm\u0171vagyon-\u00e9rt\u00e9kel\u00e9si Adatb\u00e1zis t\u00f6bb l\u00e9pcs\u0151 rendszer\u00e9nek k\u00f6sz\u00f6nhet\u0151en kiemelked\u0151 sz\u00ednvonal\u00fa \u00e9s gyors vagyon\u00e9rt\u00e9kel\u00e9st tesz lehet\u0151v\u00e9.<\/p><p>A K\u00f6zm\u0171vagyon-\u00e9rt\u00e9kel\u00e9si Piramis l\u00e9pcs\u0151i:<\/p><p>0. Geod\u00e9ziai felm\u00e9r\u00e9s, k\u00f6zm\u0171 alapt\u00e9rk\u00e9pek el\u0151\u00e1ll\u00edt\u00e1sa<br \/>1. K\u00f6zm\u0171nyilv\u00e1ntart\u00e1s, k\u00f6zm\u0171t\u00e9rk\u00e9pek digitaliz\u00e1l\u00e1sa<br \/>2. Objektumcsoportok azonos\u00edt\u00e1sa, meghat\u00e1roz\u00e1sa, eszk\u00f6zlelt\u00e1r fel\u00e1ll\u00edt\u00e1sa<br \/>3. \u00c1llapotfelm\u00e9r\u00e9s<br \/>4. \u00c1llagmutat\u00f3k meghat\u00e1roz\u00e1sa<br \/>5. P\u00f3tl\u00e1si \u00e9rt\u00e9kek meghat\u00e1roz\u00e1sa<br \/>6. Vagyon\u00e9rt\u00e9kel\u00e9s<br \/>7. Vagyon \u00e9s d\u00edjgazd\u00e1lkod\u00e1s<\/p><p>Munk\u00e1nk gyors \u00e9s hat\u00e9kony elv\u00e9gz\u00e9s\u00e9hez sz\u00fcks\u00e9g\u00fcnk van az \u00d6n\u00f6k k\u00f6zrem\u0171k\u00f6d\u00e9s\u00e9re is. A feladathoz elengedhetetlen, hogy a rendelkez\u00e9sre \u00e1ll\u00f3 adatok teljes k\u00f6r\u0171 birtok\u00e1ba jussunk (tulajdonlapok; karbantart\u00e1si jegyz\u0151k\u00f6nyvek; hiba- \u00e9s munkanapl\u00f3k; megl\u00e9v\u0151 h\u00e1l\u00f3zat nyilv\u00e1ntart\u00e1s; t\u00e9rk\u00e9pi nyilv\u00e1ntart\u00e1s; \u00fczembe helyez\u00e9s \u00e9v\u00e9nek id\u0151pontja; egy\u00e9b id\u0151pontok; kamer\u00e1z\u00e1si adatok; k\u00e1rfelm\u00e9r\u00e9sek adatai; felt\u00e1r\u00e1sok, jav\u00edt\u00e1sok jellege, helye; szennyv\u00edz adatok; stb.)<br \/>Munk\u00e1nk a k\u00f6vetkez\u0151 f\u00e1zisokb\u00f3l tev\u0151dik \u00f6ssze:<\/p><p>I. A v\u00edzik\u00f6zm\u0171 vagyon egys\u00e9ges adatb\u00e1zisba rendez\u00e9se, vagyon \u00e9s eszk\u00f6zlelt\u00e1r megfelel\u0151 adatstrukt\u00far\u00e1j\u00e1nak kialak\u00edt\u00e1sa<br \/>\u2022 objektumok \u00e9s objektumcsoportok azonos\u00edt\u00e1sa<br \/>\u2022 a szak\u00e1gi ter\u00fcletek adat\u00e1llom\u00e1ny\u00e1nak (iv\u00f3v\u00edz-, szennyv\u00edzh\u00e1l\u00f3zat \u00e9s f\u0151m\u0171vek) egys\u00e9ges strukt\u00far\u00e1ba rendez\u00e9se<br \/>\u2022 vagyon \u00e9s eszk\u00f6zlelt\u00e1r analitika r\u00f6gz\u00edt\u00e9se<\/p><p>II. \u00c1llapotfelm\u00e9r\u00e9s<br \/>\u2022 megl\u00e9v\u0151 \u00e1llapot-felm\u00e9r\u00e9si dokument\u00e1ci\u00f3k (pl. kamer\u00e1s felv\u00e9telek, nyom\u00e1spr\u00f3b\u00e1k, hibastatisztik\u00e1k, stb.) sz\u00e1mbav\u00e9tele, struktur\u00e1l\u00e1sa<br \/>\u2022 kritikus, ill. tipikus\/reprezentat\u00edv szakaszok, objektumok kijel\u00f6l\u00e9se<br \/>\u2022 kijel\u00f6lt potenci\u00e1lis hibahelyek, ill. reprezentat\u00edv szakaszok felm\u00e9r\u00e9se \u00e9s helysz\u00edni bej\u00e1r\u00e1sa a megb\u00edz\u00f3 szakembereinek k\u00f6zrem\u0171k\u00f6d\u00e9s\u00e9vel<\/p><p>III. \u00c1llapot\u00e9rt\u00e9kel\u00e9s<br \/>\u2022 megl\u00e9v\u0151 \u00e1llapot-felm\u00e9r\u00e9si dokument\u00e1ci\u00f3k \u00e9s helysz\u00edni bej\u00e1r\u00e1s tapasztalatainak feldolgoz\u00e1sa, avults\u00e1g m\u00e9rt\u00e9k\u00e9nek meghat\u00e1roz\u00e1sa<br \/>\u2022 \u00e9p\u00edt\u00e9s id\u0151pontj\u00e1ban v\u00e1rhat\u00f3 \u00e9lettartamok meghat\u00e1roz\u00e1sa<br \/>\u2022 \u00e1llapot\u00e9rt\u00e9kel\u00e9s, \u00e9s \u00e1llapotmutat\u00f3k alapj\u00e1n m\u00f3dos\u00edtott v\u00e1rhat\u00f3 p\u00f3tl\u00e1s \u00e9v\u00e9nek meghat\u00e1roz\u00e1sa<\/p><p>IV. V\u00e1rhat\u00f3 \u00e9lettartamok meghat\u00e1roz\u00e1sa, \u00e9s r\u00f6gz\u00edt\u00e9se<br \/>\u2022 \u00e9p\u00edt\u00e9s id\u0151pontj\u00e1ban v\u00e1rhat\u00f3 \u00e9lettartamok meghat\u00e1roz\u00e1sa objektumcsoportonk\u00e9nti bont\u00e1sban<br \/>\u2022 \u00e1llapot\u00e9rt\u00e9kel\u00e9s, \u00e9s \u00e1llapotmutat\u00f3k alapj\u00e1n m\u00f3dos\u00edtott v\u00e1rhat\u00f3 hasznos \u00e9lettartamok meghat\u00e1roz\u00e1sa<\/p><p>V. P\u00f3tl\u00e1si k\u00f6lts\u00e9gek meghat\u00e1roz\u00e1sa objektumonk\u00e9nti bont\u00e1sban<br \/>\u2022 p\u00f3tl\u00e1si\/\u00fajrael\u0151\u00e1ll\u00edt\u00e1si k\u00f6lts\u00e9gek becsl\u00e9se fajlagos k\u00f6lts\u00e9gmutat\u00f3k ill. aktu\u00e1lis piaci inform\u00e1ci\u00f3k alapj\u00e1n<\/p><p>VI. K\u00f6zm\u0171vagyon val\u00f3s \u00e9rt\u00e9k\u00e9t al\u00e1t\u00e1maszt\u00f3, valamint a rekonstrukci\u00f3-tervez\u00e9st \u00e9s vagyongazd\u00e1lkod\u00e1st t\u00e1mogat\u00f3, a t\u00f6bb szempont\u00fa integr\u00e1lt vagyon\u00e9rt\u00e9kel\u00e9si m\u00f3dszertanra \u00e9p\u00fcl\u0151, struktur\u00e1lt adatb\u00e1zis ismertet\u00e9se, K\u00f6zm\u0171vagyon-\u00e9rt\u00e9kel\u00e9si Szakv\u00e9lem\u00e9ny, valamint Tan\u00fas\u00edtv\u00e1ny, \u00e9s a vagyon\u00e9rt\u00e9kel\u00e9s hiteless\u00e9g\u00e9t al\u00e1t\u00e1maszt\u00f3 K\u00f6nyvvizsg\u00e1l\u00f3i Z\u00e1rad\u00e9k \u00e1tad\u00e1sa.<\/p><p>A KISS-TIKE Kft. K\u00c9K tagv\u00e1llalatak\u00e9nt, a TIKA szoftver seg\u00edts\u00e9g\u00e9vel a k\u00f6zm\u0171vagyon-\u00e9rt\u00e9kel\u00e9si tev\u00e9kenys\u00e9g gazdas\u00e1gi-, p\u00e9nz\u00fcgyi \u00e9s szakmai ter\u00fclet\u00e9n is kiemelked\u0151 sz\u00ednvonal\u00fa, megb\u00edzhat\u00f3 \u00e9s hat\u00e9kony szolg\u00e1ltat\u00e1st ny\u00fajt. Az \u00f6nkorm\u00e1nyzatok \u00e9s \u00fczemeltet\u0151k nemcsak hogy teljes k\u00e9pet kapnak \u2013 digitaliz\u00e1lt form\u00e1ban \u2013 a jelenlegi helyzet\u00fckr\u0151l \u00e9s \u00e1llapotaikr\u00f3l, de egy olyan rendszerben kapj\u00e1k vissza kidolgozott anyagaikat melyek seg\u00edts\u00e9g\u00e9vel teljesen naprak\u00e9sz kimutat\u00e1st l\u00e1tnak.<\/p><p>Els\u0151sorban fontos, hogy az elavult pap\u00edr alap\u00fa anyagmennyis\u00e9g elektronikus \u00e9s tiszt\u00e1n \u00e1tl\u00e1that\u00f3 form\u00e1j\u00e1t l\u00e1ss\u00e1k, tov\u00e1bb\u00e1 nem lehet figyelmen k\u00edv\u00fcl hagyni azt a t\u00e9nyt sem, hogy ezen adatok seg\u00edts\u00e9g\u00e9vel a jelenlegi rendszerek amortiz\u00e1ci\u00f3ja \u00e9s \u00e9rt\u00e9kcs\u00f6kken\u00e9se nyomon k\u00f6vethet\u0151 \u00e9s be\u00e9p\u00edthet\u0151v\u00e9 v\u00e1lik az \u00f6nkorm\u00e1nyzatok \u00e9s \u00fczemeltet\u0151k r\u00e9sz\u00e9r\u0151l a fogyaszt\u00f3k fel\u00e9.<\/p><p>Rem\u00e9nyeink szerint a m\u00e1r el\u0151terjesztett \u00faj v\u00e9grehajt\u00e1si t\u00f6rv\u00e9ny seg\u00edts\u00e9get ny\u00fajt \u00e9s biztos\u00edt az \u00f6nkorm\u00e1nyzatok sz\u00e1m\u00e1ra, hogy ezeket a beruh\u00e1z\u00e1sokat valamint a felm\u00e9r\u00e9seket a bankok el\u0151-, illetve refinansz\u00edrozz\u00e1k, ezzel is mentes\u00edtve a telep\u00fcl\u00e9seket \u00e9s v\u00e1rosokat az esetleges felmer\u00fcl\u0151 azonnali k\u00f6lts\u00e9gekt\u0151l.<br \/>A fentiekben felv\u00e1zolt sz\u00e9lesk\u00f6r\u0171 spektrummal \u00e1llunk az \u00d6n\u00f6k rendelkez\u00e9s\u00e9re \u00e9s rem\u00e9nyeink szerint a t\u00f6rv\u00e9ny \u00e1ltal kiszabott rendeletek kivitelez\u00e9s\u00e9ben kar\u00f6ltve dolgozhatunk egy\u00fctt.<\/p>\t\t\t\t\t\t\t\t<\/div>\n\t\t\t\t<\/div>\n\t\t\t\t\t<\/div>\n\t\t<\/div>\n\t\t\t\t\t<\/div>\n\t\t<\/section>\n\t\t\t\t\t<\/div>\n\t\t<\/div>\n\t\t\t\t\t<\/div>\n\t\t<\/section>\n\t\t\t\t<\/div>\n\t\t","protected":false},"excerpt":{"rendered":"<p>K\u00f6zm\u0171vagyon \u00e9rt\u00e9kel\u00e9s Az id\u00e9n hat\u00e1lyba l\u00e9pett t\u00f6rv\u00e9ny (2011. \u00e9vi CCIX. t\u00f6rv\u00e9ny a v\u00edzik\u00f6zm\u0171-szolg\u00e1ltat\u00e1sr\u00f3l, 12. \u00a7 \u00e9s 75. \u00a7) alapj\u00e1n, 2012. j\u00falius 1.-t\u0151l minden \u00fczemeltet\u00e9si szerz\u0151d\u00e9s k\u00f6telez\u0151 mell\u00e9klet\u00e9t k\u00e9pezi a v\u00edzik\u00f6zm\u0171vek vagyon\u00e9rt\u00e9kel\u00e9se. Ennek \u00e9rdek\u00e9ben sz\u00fcks\u00e9ges egy olyan \u00e1tfog\u00f3 vagyon\u00e9rt\u00e9kel\u00e9s lefolytat\u00e1sa, ill. olyan vagyonlelt\u00e1r l\u00e9trehoz\u00e1sa, mely lehet\u0151v\u00e9 teszi az \u00fczemeltetett v\u00edzik\u00f6zm\u0171 t\u00f6rzsvagyon val\u00f3s m\u0171szaki \u00e1llapot\u00e1t \u00e9s p\u00f3tl\u00e1si [&hellip;]<\/p>\n","protected":false},"author":1,"featured_media":0,"parent":0,"menu_order":0,"comment_status":"closed","ping_status":"closed","template":"elementor_header_footer","meta":{"footnotes":""},"class_list":["post-265","page","type-page","status-publish","hentry"],"yoast_head":"<!-- This site is optimized with the Yoast SEO plugin v27.5 - https:\/\/yoast.com\/product\/yoast-seo-wordpress\/ -->\n<title>K\u00f6zm\u0171vagyon \u00e9rt\u00e9kel\u00e9s - K\u00f6nyvel\u0151iroda<\/title>\n<meta name=\"robots\" content=\"index, follow, max-snippet:-1, max-image-preview:large, max-video-preview:-1\" \/>\n<link rel=\"canonical\" href=\"https:\/\/konyveloiroda.kimo-soft.hu\/index.php\/kozmuvagyon-ertekeles\/\" \/>\n<meta property=\"og:locale\" content=\"en_US\" \/>\n<meta property=\"og:type\" content=\"article\" \/>\n<meta property=\"og:title\" content=\"K\u00f6zm\u0171vagyon \u00e9rt\u00e9kel\u00e9s - K\u00f6nyvel\u0151iroda\" \/>\n<meta property=\"og:description\" content=\"K\u00f6zm\u0171vagyon \u00e9rt\u00e9kel\u00e9s Az id\u00e9n hat\u00e1lyba l\u00e9pett t\u00f6rv\u00e9ny (2011. \u00e9vi CCIX. t\u00f6rv\u00e9ny a v\u00edzik\u00f6zm\u0171-szolg\u00e1ltat\u00e1sr\u00f3l, 12. \u00a7 \u00e9s 75. \u00a7) alapj\u00e1n, 2012. j\u00falius 1.-t\u0151l minden \u00fczemeltet\u00e9si szerz\u0151d\u00e9s k\u00f6telez\u0151 mell\u00e9klet\u00e9t k\u00e9pezi a v\u00edzik\u00f6zm\u0171vek vagyon\u00e9rt\u00e9kel\u00e9se. Ennek \u00e9rdek\u00e9ben sz\u00fcks\u00e9ges egy olyan \u00e1tfog\u00f3 vagyon\u00e9rt\u00e9kel\u00e9s lefolytat\u00e1sa, ill. olyan vagyonlelt\u00e1r l\u00e9trehoz\u00e1sa, mely lehet\u0151v\u00e9 teszi az \u00fczemeltetett v\u00edzik\u00f6zm\u0171 t\u00f6rzsvagyon val\u00f3s m\u0171szaki \u00e1llapot\u00e1t \u00e9s p\u00f3tl\u00e1si [&hellip;]\" \/>\n<meta property=\"og:url\" content=\"https:\/\/konyveloiroda.kimo-soft.hu\/index.php\/kozmuvagyon-ertekeles\/\" \/>\n<meta property=\"og:site_name\" content=\"K\u00f6nyvel\u0151iroda\" \/>\n<meta property=\"article:modified_time\" content=\"2023-06-15T09:09:21+00:00\" \/>\n<meta name=\"twitter:card\" content=\"summary_large_image\" \/>\n<meta name=\"twitter:label1\" content=\"Est. reading time\" \/>\n\t<meta name=\"twitter:data1\" content=\"4 minutes\" \/>\n<script type=\"application\/ld+json\" class=\"yoast-schema-graph\">{\"@context\":\"https:\\\/\\\/schema.org\",\"@graph\":[{\"@type\":\"WebPage\",\"@id\":\"https:\\\/\\\/konyveloiroda.kimo-soft.hu\\\/index.php\\\/kozmuvagyon-ertekeles\\\/\",\"url\":\"https:\\\/\\\/konyveloiroda.kimo-soft.hu\\\/index.php\\\/kozmuvagyon-ertekeles\\\/\",\"name\":\"K\u00f6zm\u0171vagyon \u00e9rt\u00e9kel\u00e9s - K\u00f6nyvel\u0151iroda\",\"isPartOf\":{\"@id\":\"https:\\\/\\\/konyveloiroda.kimo-soft.hu\\\/#website\"},\"datePublished\":\"2023-06-08T05:53:27+00:00\",\"dateModified\":\"2023-06-15T09:09:21+00:00\",\"breadcrumb\":{\"@id\":\"https:\\\/\\\/konyveloiroda.kimo-soft.hu\\\/index.php\\\/kozmuvagyon-ertekeles\\\/#breadcrumb\"},\"inLanguage\":\"en-US\",\"potentialAction\":[{\"@type\":\"ReadAction\",\"target\":[\"https:\\\/\\\/konyveloiroda.kimo-soft.hu\\\/index.php\\\/kozmuvagyon-ertekeles\\\/\"]}]},{\"@type\":\"BreadcrumbList\",\"@id\":\"https:\\\/\\\/konyveloiroda.kimo-soft.hu\\\/index.php\\\/kozmuvagyon-ertekeles\\\/#breadcrumb\",\"itemListElement\":[{\"@type\":\"ListItem\",\"position\":1,\"name\":\"Home\",\"item\":\"https:\\\/\\\/konyveloiroda.kimo-soft.hu\\\/\"},{\"@type\":\"ListItem\",\"position\":2,\"name\":\"K\u00f6zm\u0171vagyon \u00e9rt\u00e9kel\u00e9s\"}]},{\"@type\":\"WebSite\",\"@id\":\"https:\\\/\\\/konyveloiroda.kimo-soft.hu\\\/#website\",\"url\":\"https:\\\/\\\/konyveloiroda.kimo-soft.hu\\\/\",\"name\":\"KiMo-Soft K\u00f6nyvel\u0151iroda\",\"description\":\"\",\"publisher\":{\"@id\":\"https:\\\/\\\/konyveloiroda.kimo-soft.hu\\\/#organization\"},\"potentialAction\":[{\"@type\":\"SearchAction\",\"target\":{\"@type\":\"EntryPoint\",\"urlTemplate\":\"https:\\\/\\\/konyveloiroda.kimo-soft.hu\\\/?s={search_term_string}\"},\"query-input\":{\"@type\":\"PropertyValueSpecification\",\"valueRequired\":true,\"valueName\":\"search_term_string\"}}],\"inLanguage\":\"en-US\"},{\"@type\":\"Organization\",\"@id\":\"https:\\\/\\\/konyveloiroda.kimo-soft.hu\\\/#organization\",\"name\":\"KiMo-Soft Kft\",\"url\":\"https:\\\/\\\/konyveloiroda.kimo-soft.hu\\\/\",\"logo\":{\"@type\":\"ImageObject\",\"inLanguage\":\"en-US\",\"@id\":\"https:\\\/\\\/konyveloiroda.kimo-soft.hu\\\/#\\\/schema\\\/logo\\\/image\\\/\",\"url\":\"https:\\\/\\\/konyveloiroda.kimo-soft.hu\\\/wp-content\\\/uploads\\\/2023\\\/05\\\/kimo_konyveloiroda.png\",\"contentUrl\":\"https:\\\/\\\/konyveloiroda.kimo-soft.hu\\\/wp-content\\\/uploads\\\/2023\\\/05\\\/kimo_konyveloiroda.png\",\"width\":990,\"height\":256,\"caption\":\"KiMo-Soft Kft\"},\"image\":{\"@id\":\"https:\\\/\\\/konyveloiroda.kimo-soft.hu\\\/#\\\/schema\\\/logo\\\/image\\\/\"}}]}<\/script>\n<!-- \/ Yoast SEO plugin. -->","yoast_head_json":{"title":"K\u00f6zm\u0171vagyon \u00e9rt\u00e9kel\u00e9s - K\u00f6nyvel\u0151iroda","robots":{"index":"index","follow":"follow","max-snippet":"max-snippet:-1","max-image-preview":"max-image-preview:large","max-video-preview":"max-video-preview:-1"},"canonical":"https:\/\/konyveloiroda.kimo-soft.hu\/index.php\/kozmuvagyon-ertekeles\/","og_locale":"en_US","og_type":"article","og_title":"K\u00f6zm\u0171vagyon \u00e9rt\u00e9kel\u00e9s - K\u00f6nyvel\u0151iroda","og_description":"K\u00f6zm\u0171vagyon \u00e9rt\u00e9kel\u00e9s Az id\u00e9n hat\u00e1lyba l\u00e9pett t\u00f6rv\u00e9ny (2011. \u00e9vi CCIX. t\u00f6rv\u00e9ny a v\u00edzik\u00f6zm\u0171-szolg\u00e1ltat\u00e1sr\u00f3l, 12. \u00a7 \u00e9s 75. \u00a7) alapj\u00e1n, 2012. j\u00falius 1.-t\u0151l minden \u00fczemeltet\u00e9si szerz\u0151d\u00e9s k\u00f6telez\u0151 mell\u00e9klet\u00e9t k\u00e9pezi a v\u00edzik\u00f6zm\u0171vek vagyon\u00e9rt\u00e9kel\u00e9se. Ennek \u00e9rdek\u00e9ben sz\u00fcks\u00e9ges egy olyan \u00e1tfog\u00f3 vagyon\u00e9rt\u00e9kel\u00e9s lefolytat\u00e1sa, ill. olyan vagyonlelt\u00e1r l\u00e9trehoz\u00e1sa, mely lehet\u0151v\u00e9 teszi az \u00fczemeltetett v\u00edzik\u00f6zm\u0171 t\u00f6rzsvagyon val\u00f3s m\u0171szaki \u00e1llapot\u00e1t \u00e9s p\u00f3tl\u00e1si [&hellip;]","og_url":"https:\/\/konyveloiroda.kimo-soft.hu\/index.php\/kozmuvagyon-ertekeles\/","og_site_name":"K\u00f6nyvel\u0151iroda","article_modified_time":"2023-06-15T09:09:21+00:00","twitter_card":"summary_large_image","twitter_misc":{"Est. reading time":"4 minutes"},"schema":{"@context":"https:\/\/schema.org","@graph":[{"@type":"WebPage","@id":"https:\/\/konyveloiroda.kimo-soft.hu\/index.php\/kozmuvagyon-ertekeles\/","url":"https:\/\/konyveloiroda.kimo-soft.hu\/index.php\/kozmuvagyon-ertekeles\/","name":"K\u00f6zm\u0171vagyon \u00e9rt\u00e9kel\u00e9s - K\u00f6nyvel\u0151iroda","isPartOf":{"@id":"https:\/\/konyveloiroda.kimo-soft.hu\/#website"},"datePublished":"2023-06-08T05:53:27+00:00","dateModified":"2023-06-15T09:09:21+00:00","breadcrumb":{"@id":"https:\/\/konyveloiroda.kimo-soft.hu\/index.php\/kozmuvagyon-ertekeles\/#breadcrumb"},"inLanguage":"en-US","potentialAction":[{"@type":"ReadAction","target":["https:\/\/konyveloiroda.kimo-soft.hu\/index.php\/kozmuvagyon-ertekeles\/"]}]},{"@type":"BreadcrumbList","@id":"https:\/\/konyveloiroda.kimo-soft.hu\/index.php\/kozmuvagyon-ertekeles\/#breadcrumb","itemListElement":[{"@type":"ListItem","position":1,"name":"Home","item":"https:\/\/konyveloiroda.kimo-soft.hu\/"},{"@type":"ListItem","position":2,"name":"K\u00f6zm\u0171vagyon \u00e9rt\u00e9kel\u00e9s"}]},{"@type":"WebSite","@id":"https:\/\/konyveloiroda.kimo-soft.hu\/#website","url":"https:\/\/konyveloiroda.kimo-soft.hu\/","name":"KiMo-Soft K\u00f6nyvel\u0151iroda","description":"","publisher":{"@id":"https:\/\/konyveloiroda.kimo-soft.hu\/#organization"},"potentialAction":[{"@type":"SearchAction","target":{"@type":"EntryPoint","urlTemplate":"https:\/\/konyveloiroda.kimo-soft.hu\/?s={search_term_string}"},"query-input":{"@type":"PropertyValueSpecification","valueRequired":true,"valueName":"search_term_string"}}],"inLanguage":"en-US"},{"@type":"Organization","@id":"https:\/\/konyveloiroda.kimo-soft.hu\/#organization","name":"KiMo-Soft Kft","url":"https:\/\/konyveloiroda.kimo-soft.hu\/","logo":{"@type":"ImageObject","inLanguage":"en-US","@id":"https:\/\/konyveloiroda.kimo-soft.hu\/#\/schema\/logo\/image\/","url":"https:\/\/konyveloiroda.kimo-soft.hu\/wp-content\/uploads\/2023\/05\/kimo_konyveloiroda.png","contentUrl":"https:\/\/konyveloiroda.kimo-soft.hu\/wp-content\/uploads\/2023\/05\/kimo_konyveloiroda.png","width":990,"height":256,"caption":"KiMo-Soft Kft"},"image":{"@id":"https:\/\/konyveloiroda.kimo-soft.hu\/#\/schema\/logo\/image\/"}}]}},"_links":{"self":[{"href":"https:\/\/konyveloiroda.kimo-soft.hu\/index.php\/wp-json\/wp\/v2\/pages\/265","targetHints":{"allow":["GET"]}}],"collection":[{"href":"https:\/\/konyveloiroda.kimo-soft.hu\/index.php\/wp-json\/wp\/v2\/pages"}],"about":[{"href":"https:\/\/konyveloiroda.kimo-soft.hu\/index.php\/wp-json\/wp\/v2\/types\/page"}],"author":[{"embeddable":true,"href":"https:\/\/konyveloiroda.kimo-soft.hu\/index.php\/wp-json\/wp\/v2\/users\/1"}],"replies":[{"embeddable":true,"href":"https:\/\/konyveloiroda.kimo-soft.hu\/index.php\/wp-json\/wp\/v2\/comments?post=265"}],"version-history":[{"count":7,"href":"https:\/\/konyveloiroda.kimo-soft.hu\/index.php\/wp-json\/wp\/v2\/pages\/265\/revisions"}],"predecessor-version":[{"id":444,"href":"https:\/\/konyveloiroda.kimo-soft.hu\/index.php\/wp-json\/wp\/v2\/pages\/265\/revisions\/444"}],"wp:attachment":[{"href":"https:\/\/konyveloiroda.kimo-soft.hu\/index.php\/wp-json\/wp\/v2\/media?parent=265"}],"curies":[{"name":"wp","href":"https:\/\/api.w.org\/{rel}","templated":true}]}}