{"id":270,"date":"2023-06-08T05:54:35","date_gmt":"2023-06-08T05:54:35","guid":{"rendered":"https:\/\/konyveloiroda.kimo-soft.hu\/?page_id=270"},"modified":"2023-06-08T05:55:26","modified_gmt":"2023-06-08T05:55:26","slug":"vizikozmu-tarsulatok","status":"publish","type":"page","link":"https:\/\/konyveloiroda.kimo-soft.hu\/index.php\/vizikozmu-tarsulatok\/","title":{"rendered":"Vizik\u00f6zm\u0171 t\u00e1rsulatok"},"content":{"rendered":"\t\t<div data-elementor-type=\"wp-page\" data-elementor-id=\"270\" class=\"elementor elementor-270\">\n\t\t\t\t\t\t<section class=\"elementor-section elementor-top-section elementor-element elementor-element-f7e7983 elementor-section-boxed elementor-section-height-default elementor-section-height-default\" data-id=\"f7e7983\" data-element_type=\"section\" data-e-type=\"section\">\n\t\t\t\t\t\t<div class=\"elementor-container elementor-column-gap-default\">\n\t\t\t\t\t<div class=\"elementor-column elementor-col-100 elementor-top-column elementor-element elementor-element-708d55c\" data-id=\"708d55c\" data-element_type=\"column\" data-e-type=\"column\">\n\t\t\t<div class=\"elementor-widget-wrap elementor-element-populated\">\n\t\t\t\t\t\t<div class=\"elementor-element elementor-element-f01133e elementor-widget elementor-widget-heading\" data-id=\"f01133e\" data-element_type=\"widget\" data-e-type=\"widget\" data-widget_type=\"heading.default\">\n\t\t\t\t<div class=\"elementor-widget-container\">\n\t\t\t\t\t<h2 class=\"elementor-heading-title elementor-size-default\">Vizik\u00f6zm\u0171 t\u00e1rsulatok<\/h2>\t\t\t\t<\/div>\n\t\t\t\t<\/div>\n\t\t\t\t<section class=\"elementor-section elementor-inner-section elementor-element elementor-element-d9143cb elementor-section-full_width elementor-section-height-default elementor-section-height-default\" data-id=\"d9143cb\" data-element_type=\"section\" data-e-type=\"section\">\n\t\t\t\t\t\t<div class=\"elementor-container elementor-column-gap-default\">\n\t\t\t\t\t<div class=\"elementor-column elementor-col-100 elementor-inner-column elementor-element elementor-element-7d5de2e\" data-id=\"7d5de2e\" data-element_type=\"column\" data-e-type=\"column\">\n\t\t\t<div class=\"elementor-widget-wrap elementor-element-populated\">\n\t\t\t\t\t\t<div class=\"elementor-element elementor-element-66b6209 elementor-widget elementor-widget-text-editor\" data-id=\"66b6209\" data-element_type=\"widget\" data-e-type=\"widget\" data-widget_type=\"text-editor.default\">\n\t\t\t\t<div class=\"elementor-widget-container\">\n\t\t\t\t\t\t\t\t\t<p><strong>T\u00e1rsulati k\u00f6nyvel\u00e9s, b\u00e9rsz\u00e1mfejt\u00e9s:<\/strong><\/p><p>a T\u00e1rsulat Sz\u00e1mviteli Politik\u00e1j\u00e1t elk\u00e9sz\u00edtj\u00fck, majd folyamatosan aktualiz\u00e1ljuk a Sz\u00e1mviteli T\u00f6rv\u00e9ny el\u0151\u00edr\u00e1sai alapj\u00e1n, figyelembe v\u00e9ve a V\u00edzik\u00f6zm\u0171 T\u00e1rsulatra, mint egy\u00e9b szervezetre vonatkoz\u00f3 sz\u00e1mviteli saj\u00e1toss\u00e1gait<br \/>\u2013 f\u0151k\u00f6nyvi k\u00f6nyvel\u00e9st v\u00e9gz\u00fcnk<br \/>\u2013 a t\u00e1rsulat \u00e1ltal beszerz\u00e9sre ker\u00fcl\u0151 t\u00e1rgyi eszk\u00f6z\u00f6k analitikus nyilv\u00e1ntart\u00e1s\u00e1t v\u00e1llaljuk<br \/>\u2013 a k\u00f6nyvel\u00e9s adataib\u00f3l analitik\u00e1t \u00e9s ad\u00f3nyilv\u00e1ntart\u00e1st k\u00e9sz\u00edt\u00fcnk<br \/>\u2013 \u00e9vk\u00f6zi \u00e9s \u00e9v v\u00e9gi ad\u00f3bevall\u00e1sokat elk\u00e9sz\u00edtj\u00fck<br \/>\u2013 \u00e9ves besz\u00e1mol\u00f3t k\u00e9sz\u00edt\u00fcnk<br \/>\u00e9ves besz\u00e1mol\u00f3t szem\u00e9lyesen prezent\u00e1ljuk az ellen\u0151rz\u0151 bizotts\u00e1g \u00e9s a taggy\u0171l\u00e9s fel\u00e9, seg\u00edts\u00e9get ny\u00fajtunk a\u00a0hat\u00e1rozatjavaslat elk\u00e9sz\u00edt\u00e9s\u00e9hez<br \/>\u2013 havi b\u00e9rsz\u00e1mfejt\u00e9st v\u00e1llalunk<br \/>\u2013 a b\u00e9rekhez, megb\u00edz\u00e1si d\u00edjakhoz kapcsol\u00f3d\u00f3 bevall\u00e1sokat elk\u00e9sz\u00edtj\u00fck<br \/>\u2013 minden k\u00f6nyvel\u00e9ssel \u00e9s b\u00e9rsz\u00e1mfejt\u00e9ssel kapcsolatos hat\u00f3s\u00e1gi ellen\u0151rz\u00e9sen meghatalmaz\u00e1ssal a t\u00e1rsulatot k\u00e9pviselj\u00fck<br \/>\u2013 a T\u00e1rsulat Eln\u00f6k\u00e9nek, vagy az IB \u00e1ltal V\u00e1llalkoz\u00f3 T\u00e1rsulati Tiszts\u00e9gvisel\u0151nek a rendelkez\u00e9se alapj\u00e1n a sz\u00e1ml\u00e1k p\u00e9nz\u00fcgyi teljes\u00edt\u00e9s\u00e9t, az utal\u00e1sok lebonyol\u00edt\u00e1s\u00e1t el\u0151k\u00e9sz\u00edtj\u00fck<\/p><p><strong>Analitikus nyilv\u00e1ntart\u00e1s \u00e9s inform\u00e1ci\u00f3-szolg\u00e1ltat\u00e1sok:<\/strong><\/p><p>\u2013 A t\u00e1rsulat banksz\u00e1mlakivonatair\u00f3l napi rendszeress\u00e9ggel r\u00f6gz\u00edtj\u00fck az \u00e9rdekeltek befizet\u00e9seit az e c\u00e9lra fejlesztett analitikus nyilv\u00e1ntart\u00f3 programba.<br \/>\u2013 Az analitikus nyilv\u00e1ntart\u00f3 programot a t\u00e1rsulati sz\u00e1m\u00edt\u00f3g\u00e9pre telep\u00edtj\u00fck, \u00e9s olyan kapcsolatot hozunk l\u00e9tre, mely a mindennapi friss\u00edt\u00e9s let\u00f6lt\u00e9s\u00e9vel a napi aktu\u00e1lis \u00e1llapotot mutatja az egyes \u00e9rdekeltek el\u0151\u00edr\u00e1sair\u00f3l, befizet\u00e9seir\u0151l, tartoz\u00e1sair\u00f3l. A t\u00e1rsulatn\u00e1l dolgoz\u00f3 szem\u00e9lyeknek a program haszn\u00e1lat\u00e1t megtan\u00edtjuk, minden munkanapon rendelkez\u00e9sre \u00e1llunk, \u00e9s probl\u00e9ma eset\u00e9n on-line m\u00f3don a t\u00e1rsulat g\u00e9p\u00e9re bel\u00e9pve seg\u00edts\u00e9get ny\u00fajtunk.<br \/>\u2013 T\u00e1rgyh\u00f3t k\u00f6vet\u0151 25.-ig list\u00e1t k\u00fcld\u00fcnk a lak\u00e1stakar\u00e9k-p\u00e9nzt\u00e1rak fel\u00e9 utaland\u00f3 \u00f6sszegekr\u0151l, szem\u00e9lyenk\u00e9nti bont\u00e1sban, olyan form\u00e1ban, ahogy azt az adott LTP elv\u00e1rja. (Fundamenta: Excel, OTP: Giro)<br \/>\u2013 Minden t\u00e1rgyh\u00f3t k\u00f6vet\u0151 25.-ig list\u00e1t k\u00e9sz\u00edt\u00fcnk a h\u00e1tral\u00e9kosokr\u00f3l \u00e9s azt elektronikus \u00faton \u00e1tadjuk a t\u00e1rsulat r\u00e9sz\u00e9re.<br \/>\u2013 Napi kapcsolatot tartunk a t\u00e1rsulatn\u00e1l tev\u00e9kenyked\u0151 munkat\u00e1rsakkal, a t\u0151l\u00fck kapott \u00edr\u00e1sos inform\u00e1ci\u00f3k alapj\u00e1n (minden inform\u00e1ci\u00f3t rendszerezetten archiv\u00e1l), naponta, de legk\u00e9s\u0151bb 3 munkanapon bel\u00fcl minden v\u00e1ltoz\u00e1st a nyilv\u00e1ntart\u00f3 programba r\u00f6gz\u00edt\u00fcnk (Pl. elhal\u00e1loz\u00e1s, \u00e9rt\u00e9kes\u00edt\u00e9s, szem\u00e9lyes adatok v\u00e1ltoz\u00e1sa, LTP szerz\u0151d\u00e9sk\u00f6t\u00e9s, \u00f6sszevon\u00e1s, sz\u00e9tbont\u00e1s)<br \/>\u2013 A t\u00e1rsulat \u00e9rdekeltjei r\u00e9sz\u00e9re t\u00f6rt\u00e9n\u0151 levelez\u00e9seket lebonyol\u00edtjuk, \u00fagy, mint kivet\u00e9sek, egyenlegk\u00f6zl\u0151 \u00e9rtes\u00edt\u0151k, fizet\u00e9si felsz\u00f3l\u00edt\u00e1sok. A kivet\u00e9seket a Megb\u00edz\u00f3 \u00e1ltal megjel\u00f6lt id\u0151szakban, a Megb\u00edz\u00f3 \u00e1ltal j\u00f3v\u00e1hagyott tartalommal sokszoros\u00edtjuk. Az alapszab\u00e1ly szerint a tag \u00e1ltal v\u00e1laszthat\u00f3 fizet\u00e9si m\u00f3d meghat\u00e1roz\u00e1s\u00e1hoz v\u00e1laszlevelet, v\u00e1laszbor\u00edt\u00e9kot nyomtatunk. A levelek post\u00e1ra ad\u00e1s\u00e1r\u00f3l is gondoskodunk<br \/>\u2013 \u00c9vente egy alkalommal egyenlegk\u00f6zl\u0151t k\u00fcld\u00fcnk ki mindazon tagok r\u00e9sz\u00e9re, akik m\u00e9g a teljes fizet\u00e9si k\u00f6telezetts\u00e9g\u00fcknek nem tettek eleget. Azon \u00e9rdekeltek r\u00e9sz\u00e9re, akik a teljes \u00e9rdekelts\u00e9gi hozz\u00e1j\u00e1rul\u00e1st befizett\u00e9k, egy alkalommal z\u00e1r\u00f3-egyenlegk\u00f6zl\u0151t k\u00fcld\u00fcnk, majd a tov\u00e1bbiakban tov\u00e1bbi egyenleget nem k\u00f6zl\u00fcnk.<br \/>\u2013 \u00c9vente k\u00e9t alkalommal a T\u00e1rsulat azon tagjai r\u00e9sz\u00e9re fizet\u00e9si felsz\u00f3l\u00edt\u00e1st k\u00fcld\u00fcnk, akik hat\u00e1rid\u0151re nem fizett\u00e9k meg az \u00e9rdekelts\u00e9gi hozz\u00e1j\u00e1rul\u00e1st. A fizet\u00e9si felsz\u00f3l\u00edt\u00e1s a Megb\u00edz\u00f3 \u00e1ltal j\u00f3v\u00e1hagyott tartalommal ker\u00fcl kik\u00fcld\u00e9sre. A fizet\u00e9si felsz\u00f3l\u00edt\u00e1shoz a h\u00e1tral\u00e9k \u00f6sszeg\u00e9vel megegyez\u0151 \u00f6sszegre kit\u00f6lt\u00f6tt csekket nyomtatunk, mell\u00e9kel\u00fcnk. Amennyiben a T\u00e1rsulat tagja r\u00e9szletfizet\u00e9st k\u00e9r \u00e9s kap a T\u00e1rsulat illet\u00e9kes szerv\u00e9t\u0151l, \u00fagy az \u0151 r\u00e9sz\u00e9re a T\u00e1rsulat \u00e9rtes\u00edt\u00e9se alapj\u00e1n a r\u00e9szletfizet\u00e9si enged\u00e9lynek megfelel\u0151 \u00f6sszeg\u0171 csekkek ker\u00fclnek kik\u00fcld\u00e9sre.<br \/>\u2013 Levelez\u00e9ssel kapcsolatos teend\u0151ket v\u00e1llalunk, \u00fagy, mint, fizet\u00e9si m\u00f3dozatnak megfelel\u0151 nyomtatv\u00e1nyok elk\u00e9sz\u00edt\u00e9se, bor\u00edt\u00e9kok megc\u00edmz\u00e9se, OCR csekkek nyomtat\u00e1sa, csekkek nyomtat\u00e1s\u00e1n\u00e1l csoportos\u00edt\u00e1sok k\u00e9sz\u00edt\u00e9se, bor\u00edt\u00e9kok tartalm\u00e1nak \u00f6ssze\u00e1ll\u00edt\u00e1sa, postai felad\u00e1s. A levelez\u00e9s g\u00f6rd\u00fcl\u00e9kenny\u00e9 t\u00e9tele \u00e9rdek\u00e9ben v\u00e1llaljuk, hogy az adott k\u00f6zs\u00e9g posta hivatal\u00e1n\u00e1l kezdem\u00e9nyezz\u00fck d\u00edjhitelez\u00e9ses k\u00fcldem\u00e9nyre val\u00f3 jogosults\u00e1ggal kapcsolatos szerz\u0151d\u00e9s megk\u00f6t\u00e9s\u00e9t. \u2013 A meg\u00e1llapod\u00e1sban kik\u00f6tj\u00fck, hogy a bonyh\u00e1di Posta Hivatal\u00e1n\u00e1l is adhassunk fel k\u00fcldem\u00e9nyeket d\u00edjhitelez\u00e9ssel, ennek megfelel\u0151en a postai d\u00edjt\u00e9telek k\u00f6zvetlen\u00fcl a Megb\u00edz\u00f3 r\u00e9sz\u00e9re ker\u00fclnek kisz\u00e1ml\u00e1z\u00e1sra.<br \/>\u2013 Havi rendszeress\u00e9ggel vezet\u0151i szint\u0171 t\u00e1j\u00e9koztat\u00e1st k\u00e9sz\u00edt\u00fcnk a T\u00e1rsulat p\u00e9nz\u00fcgyi-gazdas\u00e1gi helyzet\u00e9r\u0151l az Int\u00e9z\u0151bizotts\u00e1g, valamint az Ellen\u0151rz\u0151 Bizotts\u00e1g r\u00e9sz\u00e9re.<\/p>\t\t\t\t\t\t\t\t<\/div>\n\t\t\t\t<\/div>\n\t\t\t\t\t<\/div>\n\t\t<\/div>\n\t\t\t\t\t<\/div>\n\t\t<\/section>\n\t\t\t\t\t<\/div>\n\t\t<\/div>\n\t\t\t\t\t<\/div>\n\t\t<\/section>\n\t\t\t\t<\/div>\n\t\t","protected":false},"excerpt":{"rendered":"<p>Vizik\u00f6zm\u0171 t\u00e1rsulatok T\u00e1rsulati k\u00f6nyvel\u00e9s, b\u00e9rsz\u00e1mfejt\u00e9s: a T\u00e1rsulat Sz\u00e1mviteli Politik\u00e1j\u00e1t elk\u00e9sz\u00edtj\u00fck, majd folyamatosan aktualiz\u00e1ljuk a Sz\u00e1mviteli T\u00f6rv\u00e9ny el\u0151\u00edr\u00e1sai alapj\u00e1n, figyelembe v\u00e9ve a V\u00edzik\u00f6zm\u0171 T\u00e1rsulatra, mint egy\u00e9b szervezetre vonatkoz\u00f3 sz\u00e1mviteli saj\u00e1toss\u00e1gait\u2013 f\u0151k\u00f6nyvi k\u00f6nyvel\u00e9st v\u00e9gz\u00fcnk\u2013 a t\u00e1rsulat \u00e1ltal beszerz\u00e9sre ker\u00fcl\u0151 t\u00e1rgyi eszk\u00f6z\u00f6k analitikus nyilv\u00e1ntart\u00e1s\u00e1t v\u00e1llaljuk\u2013 a k\u00f6nyvel\u00e9s adataib\u00f3l analitik\u00e1t \u00e9s ad\u00f3nyilv\u00e1ntart\u00e1st k\u00e9sz\u00edt\u00fcnk\u2013 \u00e9vk\u00f6zi \u00e9s \u00e9v v\u00e9gi ad\u00f3bevall\u00e1sokat elk\u00e9sz\u00edtj\u00fck\u2013 [&hellip;]<\/p>\n","protected":false},"author":1,"featured_media":0,"parent":0,"menu_order":0,"comment_status":"closed","ping_status":"closed","template":"elementor_header_footer","meta":{"footnotes":""},"class_list":["post-270","page","type-page","status-publish","hentry"],"yoast_head":"<!-- This site is optimized with the Yoast SEO plugin v27.6 - https:\/\/yoast.com\/product\/yoast-seo-wordpress\/ -->\n<title>Vizik\u00f6zm\u0171 t\u00e1rsulatok - K\u00f6nyvel\u0151iroda<\/title>\n<meta name=\"robots\" content=\"index, follow, max-snippet:-1, max-image-preview:large, max-video-preview:-1\" \/>\n<link rel=\"canonical\" href=\"https:\/\/konyveloiroda.kimo-soft.hu\/index.php\/vizikozmu-tarsulatok\/\" \/>\n<meta property=\"og:locale\" content=\"en_US\" \/>\n<meta property=\"og:type\" content=\"article\" \/>\n<meta property=\"og:title\" content=\"Vizik\u00f6zm\u0171 t\u00e1rsulatok - K\u00f6nyvel\u0151iroda\" \/>\n<meta property=\"og:description\" content=\"Vizik\u00f6zm\u0171 t\u00e1rsulatok T\u00e1rsulati k\u00f6nyvel\u00e9s, b\u00e9rsz\u00e1mfejt\u00e9s: a T\u00e1rsulat Sz\u00e1mviteli Politik\u00e1j\u00e1t elk\u00e9sz\u00edtj\u00fck, majd folyamatosan aktualiz\u00e1ljuk a Sz\u00e1mviteli T\u00f6rv\u00e9ny el\u0151\u00edr\u00e1sai alapj\u00e1n, figyelembe v\u00e9ve a V\u00edzik\u00f6zm\u0171 T\u00e1rsulatra, mint egy\u00e9b szervezetre vonatkoz\u00f3 sz\u00e1mviteli saj\u00e1toss\u00e1gait\u2013 f\u0151k\u00f6nyvi k\u00f6nyvel\u00e9st v\u00e9gz\u00fcnk\u2013 a t\u00e1rsulat \u00e1ltal beszerz\u00e9sre ker\u00fcl\u0151 t\u00e1rgyi eszk\u00f6z\u00f6k analitikus nyilv\u00e1ntart\u00e1s\u00e1t v\u00e1llaljuk\u2013 a k\u00f6nyvel\u00e9s adataib\u00f3l analitik\u00e1t \u00e9s ad\u00f3nyilv\u00e1ntart\u00e1st k\u00e9sz\u00edt\u00fcnk\u2013 \u00e9vk\u00f6zi \u00e9s \u00e9v v\u00e9gi ad\u00f3bevall\u00e1sokat elk\u00e9sz\u00edtj\u00fck\u2013 [&hellip;]\" \/>\n<meta property=\"og:url\" content=\"https:\/\/konyveloiroda.kimo-soft.hu\/index.php\/vizikozmu-tarsulatok\/\" \/>\n<meta property=\"og:site_name\" content=\"K\u00f6nyvel\u0151iroda\" \/>\n<meta property=\"article:modified_time\" content=\"2023-06-08T05:55:26+00:00\" \/>\n<meta name=\"twitter:card\" content=\"summary_large_image\" \/>\n<meta name=\"twitter:label1\" content=\"Est. reading time\" \/>\n\t<meta name=\"twitter:data1\" content=\"3 minutes\" \/>\n<script type=\"application\/ld+json\" class=\"yoast-schema-graph\">{\"@context\":\"https:\\\/\\\/schema.org\",\"@graph\":[{\"@type\":\"WebPage\",\"@id\":\"https:\\\/\\\/konyveloiroda.kimo-soft.hu\\\/index.php\\\/vizikozmu-tarsulatok\\\/\",\"url\":\"https:\\\/\\\/konyveloiroda.kimo-soft.hu\\\/index.php\\\/vizikozmu-tarsulatok\\\/\",\"name\":\"Vizik\u00f6zm\u0171 t\u00e1rsulatok - K\u00f6nyvel\u0151iroda\",\"isPartOf\":{\"@id\":\"https:\\\/\\\/konyveloiroda.kimo-soft.hu\\\/#website\"},\"datePublished\":\"2023-06-08T05:54:35+00:00\",\"dateModified\":\"2023-06-08T05:55:26+00:00\",\"breadcrumb\":{\"@id\":\"https:\\\/\\\/konyveloiroda.kimo-soft.hu\\\/index.php\\\/vizikozmu-tarsulatok\\\/#breadcrumb\"},\"inLanguage\":\"en-US\",\"potentialAction\":[{\"@type\":\"ReadAction\",\"target\":[\"https:\\\/\\\/konyveloiroda.kimo-soft.hu\\\/index.php\\\/vizikozmu-tarsulatok\\\/\"]}]},{\"@type\":\"BreadcrumbList\",\"@id\":\"https:\\\/\\\/konyveloiroda.kimo-soft.hu\\\/index.php\\\/vizikozmu-tarsulatok\\\/#breadcrumb\",\"itemListElement\":[{\"@type\":\"ListItem\",\"position\":1,\"name\":\"Home\",\"item\":\"https:\\\/\\\/konyveloiroda.kimo-soft.hu\\\/\"},{\"@type\":\"ListItem\",\"position\":2,\"name\":\"Vizik\u00f6zm\u0171 t\u00e1rsulatok\"}]},{\"@type\":\"WebSite\",\"@id\":\"https:\\\/\\\/konyveloiroda.kimo-soft.hu\\\/#website\",\"url\":\"https:\\\/\\\/konyveloiroda.kimo-soft.hu\\\/\",\"name\":\"KiMo-Soft K\u00f6nyvel\u0151iroda\",\"description\":\"\",\"publisher\":{\"@id\":\"https:\\\/\\\/konyveloiroda.kimo-soft.hu\\\/#organization\"},\"potentialAction\":[{\"@type\":\"SearchAction\",\"target\":{\"@type\":\"EntryPoint\",\"urlTemplate\":\"https:\\\/\\\/konyveloiroda.kimo-soft.hu\\\/?s={search_term_string}\"},\"query-input\":{\"@type\":\"PropertyValueSpecification\",\"valueRequired\":true,\"valueName\":\"search_term_string\"}}],\"inLanguage\":\"en-US\"},{\"@type\":\"Organization\",\"@id\":\"https:\\\/\\\/konyveloiroda.kimo-soft.hu\\\/#organization\",\"name\":\"KiMo-Soft Kft\",\"url\":\"https:\\\/\\\/konyveloiroda.kimo-soft.hu\\\/\",\"logo\":{\"@type\":\"ImageObject\",\"inLanguage\":\"en-US\",\"@id\":\"https:\\\/\\\/konyveloiroda.kimo-soft.hu\\\/#\\\/schema\\\/logo\\\/image\\\/\",\"url\":\"https:\\\/\\\/konyveloiroda.kimo-soft.hu\\\/wp-content\\\/uploads\\\/2023\\\/05\\\/kimo_konyveloiroda.png\",\"contentUrl\":\"https:\\\/\\\/konyveloiroda.kimo-soft.hu\\\/wp-content\\\/uploads\\\/2023\\\/05\\\/kimo_konyveloiroda.png\",\"width\":990,\"height\":256,\"caption\":\"KiMo-Soft Kft\"},\"image\":{\"@id\":\"https:\\\/\\\/konyveloiroda.kimo-soft.hu\\\/#\\\/schema\\\/logo\\\/image\\\/\"}}]}<\/script>\n<!-- \/ Yoast SEO plugin. -->","yoast_head_json":{"title":"Vizik\u00f6zm\u0171 t\u00e1rsulatok - K\u00f6nyvel\u0151iroda","robots":{"index":"index","follow":"follow","max-snippet":"max-snippet:-1","max-image-preview":"max-image-preview:large","max-video-preview":"max-video-preview:-1"},"canonical":"https:\/\/konyveloiroda.kimo-soft.hu\/index.php\/vizikozmu-tarsulatok\/","og_locale":"en_US","og_type":"article","og_title":"Vizik\u00f6zm\u0171 t\u00e1rsulatok - K\u00f6nyvel\u0151iroda","og_description":"Vizik\u00f6zm\u0171 t\u00e1rsulatok T\u00e1rsulati k\u00f6nyvel\u00e9s, b\u00e9rsz\u00e1mfejt\u00e9s: a T\u00e1rsulat Sz\u00e1mviteli Politik\u00e1j\u00e1t elk\u00e9sz\u00edtj\u00fck, majd folyamatosan aktualiz\u00e1ljuk a Sz\u00e1mviteli T\u00f6rv\u00e9ny el\u0151\u00edr\u00e1sai alapj\u00e1n, figyelembe v\u00e9ve a V\u00edzik\u00f6zm\u0171 T\u00e1rsulatra, mint egy\u00e9b szervezetre vonatkoz\u00f3 sz\u00e1mviteli saj\u00e1toss\u00e1gait\u2013 f\u0151k\u00f6nyvi k\u00f6nyvel\u00e9st v\u00e9gz\u00fcnk\u2013 a t\u00e1rsulat \u00e1ltal beszerz\u00e9sre ker\u00fcl\u0151 t\u00e1rgyi eszk\u00f6z\u00f6k analitikus nyilv\u00e1ntart\u00e1s\u00e1t v\u00e1llaljuk\u2013 a k\u00f6nyvel\u00e9s adataib\u00f3l analitik\u00e1t \u00e9s ad\u00f3nyilv\u00e1ntart\u00e1st k\u00e9sz\u00edt\u00fcnk\u2013 \u00e9vk\u00f6zi \u00e9s \u00e9v v\u00e9gi ad\u00f3bevall\u00e1sokat elk\u00e9sz\u00edtj\u00fck\u2013 [&hellip;]","og_url":"https:\/\/konyveloiroda.kimo-soft.hu\/index.php\/vizikozmu-tarsulatok\/","og_site_name":"K\u00f6nyvel\u0151iroda","article_modified_time":"2023-06-08T05:55:26+00:00","twitter_card":"summary_large_image","twitter_misc":{"Est. reading time":"3 minutes"},"schema":{"@context":"https:\/\/schema.org","@graph":[{"@type":"WebPage","@id":"https:\/\/konyveloiroda.kimo-soft.hu\/index.php\/vizikozmu-tarsulatok\/","url":"https:\/\/konyveloiroda.kimo-soft.hu\/index.php\/vizikozmu-tarsulatok\/","name":"Vizik\u00f6zm\u0171 t\u00e1rsulatok - K\u00f6nyvel\u0151iroda","isPartOf":{"@id":"https:\/\/konyveloiroda.kimo-soft.hu\/#website"},"datePublished":"2023-06-08T05:54:35+00:00","dateModified":"2023-06-08T05:55:26+00:00","breadcrumb":{"@id":"https:\/\/konyveloiroda.kimo-soft.hu\/index.php\/vizikozmu-tarsulatok\/#breadcrumb"},"inLanguage":"en-US","potentialAction":[{"@type":"ReadAction","target":["https:\/\/konyveloiroda.kimo-soft.hu\/index.php\/vizikozmu-tarsulatok\/"]}]},{"@type":"BreadcrumbList","@id":"https:\/\/konyveloiroda.kimo-soft.hu\/index.php\/vizikozmu-tarsulatok\/#breadcrumb","itemListElement":[{"@type":"ListItem","position":1,"name":"Home","item":"https:\/\/konyveloiroda.kimo-soft.hu\/"},{"@type":"ListItem","position":2,"name":"Vizik\u00f6zm\u0171 t\u00e1rsulatok"}]},{"@type":"WebSite","@id":"https:\/\/konyveloiroda.kimo-soft.hu\/#website","url":"https:\/\/konyveloiroda.kimo-soft.hu\/","name":"KiMo-Soft K\u00f6nyvel\u0151iroda","description":"","publisher":{"@id":"https:\/\/konyveloiroda.kimo-soft.hu\/#organization"},"potentialAction":[{"@type":"SearchAction","target":{"@type":"EntryPoint","urlTemplate":"https:\/\/konyveloiroda.kimo-soft.hu\/?s={search_term_string}"},"query-input":{"@type":"PropertyValueSpecification","valueRequired":true,"valueName":"search_term_string"}}],"inLanguage":"en-US"},{"@type":"Organization","@id":"https:\/\/konyveloiroda.kimo-soft.hu\/#organization","name":"KiMo-Soft Kft","url":"https:\/\/konyveloiroda.kimo-soft.hu\/","logo":{"@type":"ImageObject","inLanguage":"en-US","@id":"https:\/\/konyveloiroda.kimo-soft.hu\/#\/schema\/logo\/image\/","url":"https:\/\/konyveloiroda.kimo-soft.hu\/wp-content\/uploads\/2023\/05\/kimo_konyveloiroda.png","contentUrl":"https:\/\/konyveloiroda.kimo-soft.hu\/wp-content\/uploads\/2023\/05\/kimo_konyveloiroda.png","width":990,"height":256,"caption":"KiMo-Soft Kft"},"image":{"@id":"https:\/\/konyveloiroda.kimo-soft.hu\/#\/schema\/logo\/image\/"}}]}},"_links":{"self":[{"href":"https:\/\/konyveloiroda.kimo-soft.hu\/index.php\/wp-json\/wp\/v2\/pages\/270","targetHints":{"allow":["GET"]}}],"collection":[{"href":"https:\/\/konyveloiroda.kimo-soft.hu\/index.php\/wp-json\/wp\/v2\/pages"}],"about":[{"href":"https:\/\/konyveloiroda.kimo-soft.hu\/index.php\/wp-json\/wp\/v2\/types\/page"}],"author":[{"embeddable":true,"href":"https:\/\/konyveloiroda.kimo-soft.hu\/index.php\/wp-json\/wp\/v2\/users\/1"}],"replies":[{"embeddable":true,"href":"https:\/\/konyveloiroda.kimo-soft.hu\/index.php\/wp-json\/wp\/v2\/comments?post=270"}],"version-history":[{"count":4,"href":"https:\/\/konyveloiroda.kimo-soft.hu\/index.php\/wp-json\/wp\/v2\/pages\/270\/revisions"}],"predecessor-version":[{"id":274,"href":"https:\/\/konyveloiroda.kimo-soft.hu\/index.php\/wp-json\/wp\/v2\/pages\/270\/revisions\/274"}],"wp:attachment":[{"href":"https:\/\/konyveloiroda.kimo-soft.hu\/index.php\/wp-json\/wp\/v2\/media?parent=270"}],"curies":[{"name":"wp","href":"https:\/\/api.w.org\/{rel}","templated":true}]}}